{"id":397,"date":"2023-06-26T10:14:31","date_gmt":"2023-06-26T08:14:31","guid":{"rendered":"https:\/\/transport-bellenge.devbeta.me\/presentation\/"},"modified":"2024-09-25T10:49:14","modified_gmt":"2024-09-25T08:49:14","slug":"presentation","status":"publish","type":"page","link":"https:\/\/frontend.herakles-transfers.com\/en\/presentation\/","title":{"rendered":"Our values"},"content":{"rendered":"<h1>Our Values<\/h1>\n<h2>Presentation<\/h2>\n<p>With more than 15 years of experience, the company Herakles Transfers specializes in the organization of transfers, private and shared, between the airports of Geneva, Lyon, Grenoble, Chamb\u00e9ry and Annecy, to from all ski resorts in the French, Swiss and Italian Alps.<\/p>\n<p>Among which, the main ski resorts are: Chamonix, Morzine, Avoriaz, Ch\u00e2tel, Flaine, Les Carroz, M\u00e9ribel, Courchevel, Tignes, Val D&#8217;Is\u00e8re, Meg\u00e8ve, M\u00e9ribel, Crans Montana and Zermatt\u2026 However, our experience of the terrain and the professionalism of our teams allows us to organize trips to or from all other ski resorts located in the Rh\u00f4ne Alpes region (Tarentaise, Val d&#8217;Arly, Val d&#8217;Aosta, Iseran).<br \/>\nFind all these destinations using our booking engine.<\/p>\n<p>We also guarantee our service everywhere in France, but also internationally: Moscow, C\u00f4te d&#8217;Azur, Paris, London, Malta, Italy, (include other names of cities or countries)&#8230; summer and winter.<\/p>\n<p>The values \u200b\u200bof Herakles Transfers which will make all the difference:<\/p>\n<ul>\n<li>Our drivers, discreet and qualified, welcome you dressed in a suit and tie<\/li>\n<li>A personalized welcome whether as a family, in a group or individually<\/li>\n<li>Free bottle of water in the vehicle<\/li>\n<li>New and spacious vehicles equipped for all seasonsSimple and quick online reservation<\/li>\n<li>A person always available to meet your needs<\/li>\n<li>A telephone switchboard open 24\/7 in French, English, Russian and Brazilian<\/li>\n<\/ul>\n<h2>Private transport<\/h2>\n<p>As with Shared Transport, we are entirely dedicated to you and we will take you to Courchevel, M\u00e9ribel, Val Thorens, Les M\u00e9nuires, but also to Tignes, Val d\u2019Is\u00e8re, Les Arcs, and many other ski resorts. Our Private service will guarantee you complete satisfaction<\/p>\n<p>From just \u20ac150 per trip, benefit from a high-end door-to-door service including a bottle of water, some treats, and various additional services. 24\/7 customer service is available for your convenience.<\/p>\n<p><strong>How can I book my private transport?<\/strong><\/p>\n<ul>\n<li>Click on book,<\/li>\n<li>Complete all requested elements,<\/li>\n<li>Choose your private transfer (or shared transfer if you prefer),<\/li>\n<li>Choose the time of your return shuttle *,<\/li>\n<li>Follow the on-screen instructions to make payment,<\/li>\n<li>Your booking confirmation and invoice will be automatically and immediately sent by email.<\/li>\n<\/ul>\n<h2>A little advice&#8230;!<\/h2>\n<p>In order to limit your waiting time at the airport, we advise you to plan your flight according to our shuttle schedules.<\/p>\n<p>For your choice of departure time from the station to your airport, we recommend leaving at least 5 hours before your take-off time, which is why on each of our proposals, we indicate an approximate driving time for each journey. It\u2019s up to you to add how much time in advance you want to arrive at the airport. Remember to allow a safety margin of at least 45 minutes, because you must not forget that shared transport may require several stops for other users. We must also not neglect the fact that following dates of high road traffic, the journey time can be significantly extended. As a general rule, you must allow at least 5 hours before the take-off time from Courchevel, M\u00e9ribel, la Tania, Val Thorens. Add according to the timetable 1 hour for Tignes, Val d\u2019Is\u00e8re, les Arcs\u2026.<\/p>\n<p>If your flight were to leave Geneva or Lyon airport with a takeoff at 2 p.m. on a Saturday, you would therefore need to plan for a departure between 8:30 a.m. and 9 a.m. from Courchevel and 7 a.m. from Val d&#8217;Is\u00e8re or Tignes.<br \/>\nYour arrival at the airport would be between 12 p.m. and 12:20 p.m.<\/p>\n<p><strong>You arrive at the airport:<\/strong><\/p>\n<p>A private welcome is reserved for you; the driver will accompany you to the vehicle to secure your luggage, waiting for the departure time.<br \/>\nIf you should miss your departure, don&#8217;t worry, we can always arrange your transfer to your destination on the next available flight. However, a supplement will be required (see general conditions of sale). To avoid this inconvenience, we advise you to plan your departure at least 45 minutes after the scheduled landing of your flight.<\/p>\n<p><strong>You are leaving for the Airport:<\/strong><\/p>\n<p>We will pick you up at the address you gave us when you made your reservation.<br \/>\nThe pick-up time that you have defined may vary between more or less 30 minutes depending on the different pick-up locations for different users.<br \/>\nIf you miss your departure, don&#8217;t worry, we can always ensure your transfer to the Airport on the next available shuttle. However, you will need to pay a supplement (see general conditions of sale) or organize an additional private transfer, to be paid directly to the driver.<\/p>\n<h2>Business Services:<\/h2>\n<p>The company Herakles Transfers also specializes in transport solutions for businesses, with experience acquired from partnerships with large French national groups.<br \/>\nWe will manage the transportation of your business meetings or events with professionalism and punctuality. We will transport your colleagues or important customers with the greatest pleasure while guaranteeing our quality of service.<br \/>\nFor any requests whatsoever, Herakles Transfers will be an efficient and serious solution for all your needs, whatever the size. Our drivers are at your disposal.<br \/>\nAt Herakles Transfers we are proud to guarantee you confidentiality, punctuality and reliability\u2026<\/p>\n<p>&nbsp;<\/p>\n<p>For any additional information or specific request, we are at your disposal by email at the following address: <a href=\"mailto:contact@herakles-transfers.com\">contact@herakles-transfers.com<\/a><\/p>\n","protected":false},"excerpt":{"rendered":"<p>Our Values Presentation With more than 15 years of experience, the company Herakles Transfers specializes in the organization of transfers, private and shared, between the airports of Geneva, Lyon, Grenoble, Chamb\u00e9ry and Annecy, to from all ski resorts in the French, Swiss and Italian Alps. Among which, the main ski resorts are: Chamonix, Morzine, Avoriaz, [&hellip;]<\/p>\n","protected":false},"author":1,"featured_media":0,"parent":0,"menu_order":0,"comment_status":"closed","ping_status":"closed","template":"","meta":{"footnotes":""},"class_list":["post-397","page","type-page","status-publish","hentry"],"yoast_head":"<!-- This site is optimized with the Yoast SEO plugin v24.9 - https:\/\/yoast.com\/wordpress\/plugins\/seo\/ -->\n<title>Our values - Herakles Transfers<\/title>\n<meta name=\"robots\" content=\"index, follow, max-snippet:-1, max-image-preview:large, max-video-preview:-1\" \/>\n<link rel=\"canonical\" href=\"https:\/\/frontend.herakles-transfers.com\/en\/presentation\/\" \/>\n<meta property=\"og:locale\" content=\"en_US\" \/>\n<meta property=\"og:type\" content=\"article\" \/>\n<meta property=\"og:title\" content=\"Our values - Herakles Transfers\" \/>\n<meta property=\"og:description\" content=\"Our Values Presentation With more than 15 years of experience, the company Herakles Transfers specializes in the organization of transfers, private and shared, between the airports of Geneva, Lyon, Grenoble, Chamb\u00e9ry and Annecy, to from all ski resorts in the French, Swiss and Italian Alps. Among which, the main ski resorts are: Chamonix, Morzine, Avoriaz, [&hellip;]\" \/>\n<meta property=\"og:url\" content=\"https:\/\/frontend.herakles-transfers.com\/en\/presentation\/\" \/>\n<meta property=\"og:site_name\" content=\"Herakles Transfers\" \/>\n<meta property=\"article:modified_time\" content=\"2024-09-25T08:49:14+00:00\" \/>\n<meta name=\"twitter:card\" content=\"summary_large_image\" \/>\n<meta name=\"twitter:label1\" content=\"Est. reading time\" \/>\n\t<meta name=\"twitter:data1\" content=\"4 minutes\" \/>\n<script type=\"application\/ld+json\" class=\"yoast-schema-graph\">{\"@context\":\"https:\/\/schema.org\",\"@graph\":[{\"@type\":\"WebPage\",\"@id\":\"https:\/\/frontend.herakles-transfers.com\/en\/presentation\/\",\"url\":\"https:\/\/frontend.herakles-transfers.com\/en\/presentation\/\",\"name\":\"Our values - Herakles Transfers\",\"isPartOf\":{\"@id\":\"https:\/\/frontend.herakles-transfers.com\/#website\"},\"datePublished\":\"2023-06-26T08:14:31+00:00\",\"dateModified\":\"2024-09-25T08:49:14+00:00\",\"breadcrumb\":{\"@id\":\"https:\/\/frontend.herakles-transfers.com\/en\/presentation\/#breadcrumb\"},\"inLanguage\":\"en-US\",\"potentialAction\":[{\"@type\":\"ReadAction\",\"target\":[\"https:\/\/frontend.herakles-transfers.com\/en\/presentation\/\"]}]},{\"@type\":\"BreadcrumbList\",\"@id\":\"https:\/\/frontend.herakles-transfers.com\/en\/presentation\/#breadcrumb\",\"itemListElement\":[{\"@type\":\"ListItem\",\"position\":1,\"name\":\"Accueil\",\"item\":\"https:\/\/frontend.herakles-transfers.com\/en\/\"},{\"@type\":\"ListItem\",\"position\":2,\"name\":\"Our values\"}]},{\"@type\":\"WebSite\",\"@id\":\"https:\/\/frontend.herakles-transfers.com\/#website\",\"url\":\"https:\/\/frontend.herakles-transfers.com\/\",\"name\":\"Herakles Transfers\",\"description\":\"\",\"publisher\":{\"@id\":\"https:\/\/frontend.herakles-transfers.com\/#organization\"},\"potentialAction\":[{\"@type\":\"SearchAction\",\"target\":{\"@type\":\"EntryPoint\",\"urlTemplate\":\"https:\/\/frontend.herakles-transfers.com\/?s={search_term_string}\"},\"query-input\":{\"@type\":\"PropertyValueSpecification\",\"valueRequired\":true,\"valueName\":\"search_term_string\"}}],\"inLanguage\":\"en-US\"},{\"@type\":\"Organization\",\"@id\":\"https:\/\/frontend.herakles-transfers.com\/#organization\",\"name\":\"Herakles Transfers\",\"url\":\"https:\/\/frontend.herakles-transfers.com\/\",\"logo\":{\"@type\":\"ImageObject\",\"inLanguage\":\"en-US\",\"@id\":\"https:\/\/frontend.herakles-transfers.com\/#\/schema\/logo\/image\/\",\"url\":\"https:\/\/frontend.herakles-transfers.com\/wp-content\/uploads\/2023\/10\/Logo-herakles.webp\",\"contentUrl\":\"https:\/\/frontend.herakles-transfers.com\/wp-content\/uploads\/2023\/10\/Logo-herakles.webp\",\"width\":450,\"height\":104,\"caption\":\"Herakles Transfers\"},\"image\":{\"@id\":\"https:\/\/frontend.herakles-transfers.com\/#\/schema\/logo\/image\/\"}}]}<\/script>\n<!-- \/ Yoast SEO plugin. -->","yoast_head_json":{"title":"Our values - Herakles Transfers","robots":{"index":"index","follow":"follow","max-snippet":"max-snippet:-1","max-image-preview":"max-image-preview:large","max-video-preview":"max-video-preview:-1"},"canonical":"https:\/\/frontend.herakles-transfers.com\/en\/presentation\/","og_locale":"en_US","og_type":"article","og_title":"Our values - Herakles Transfers","og_description":"Our Values Presentation With more than 15 years of experience, the company Herakles Transfers specializes in the organization of transfers, private and shared, between the airports of Geneva, Lyon, Grenoble, Chamb\u00e9ry and Annecy, to from all ski resorts in the French, Swiss and Italian Alps. Among which, the main ski resorts are: Chamonix, Morzine, Avoriaz, [&hellip;]","og_url":"https:\/\/frontend.herakles-transfers.com\/en\/presentation\/","og_site_name":"Herakles Transfers","article_modified_time":"2024-09-25T08:49:14+00:00","twitter_card":"summary_large_image","twitter_misc":{"Est. reading time":"4 minutes"},"schema":{"@context":"https:\/\/schema.org","@graph":[{"@type":"WebPage","@id":"https:\/\/frontend.herakles-transfers.com\/en\/presentation\/","url":"https:\/\/frontend.herakles-transfers.com\/en\/presentation\/","name":"Our values - Herakles Transfers","isPartOf":{"@id":"https:\/\/frontend.herakles-transfers.com\/#website"},"datePublished":"2023-06-26T08:14:31+00:00","dateModified":"2024-09-25T08:49:14+00:00","breadcrumb":{"@id":"https:\/\/frontend.herakles-transfers.com\/en\/presentation\/#breadcrumb"},"inLanguage":"en-US","potentialAction":[{"@type":"ReadAction","target":["https:\/\/frontend.herakles-transfers.com\/en\/presentation\/"]}]},{"@type":"BreadcrumbList","@id":"https:\/\/frontend.herakles-transfers.com\/en\/presentation\/#breadcrumb","itemListElement":[{"@type":"ListItem","position":1,"name":"Accueil","item":"https:\/\/frontend.herakles-transfers.com\/en\/"},{"@type":"ListItem","position":2,"name":"Our values"}]},{"@type":"WebSite","@id":"https:\/\/frontend.herakles-transfers.com\/#website","url":"https:\/\/frontend.herakles-transfers.com\/","name":"Herakles Transfers","description":"","publisher":{"@id":"https:\/\/frontend.herakles-transfers.com\/#organization"},"potentialAction":[{"@type":"SearchAction","target":{"@type":"EntryPoint","urlTemplate":"https:\/\/frontend.herakles-transfers.com\/?s={search_term_string}"},"query-input":{"@type":"PropertyValueSpecification","valueRequired":true,"valueName":"search_term_string"}}],"inLanguage":"en-US"},{"@type":"Organization","@id":"https:\/\/frontend.herakles-transfers.com\/#organization","name":"Herakles Transfers","url":"https:\/\/frontend.herakles-transfers.com\/","logo":{"@type":"ImageObject","inLanguage":"en-US","@id":"https:\/\/frontend.herakles-transfers.com\/#\/schema\/logo\/image\/","url":"https:\/\/frontend.herakles-transfers.com\/wp-content\/uploads\/2023\/10\/Logo-herakles.webp","contentUrl":"https:\/\/frontend.herakles-transfers.com\/wp-content\/uploads\/2023\/10\/Logo-herakles.webp","width":450,"height":104,"caption":"Herakles Transfers"},"image":{"@id":"https:\/\/frontend.herakles-transfers.com\/#\/schema\/logo\/image\/"}}]}},"_links":{"self":[{"href":"https:\/\/frontend.herakles-transfers.com\/en\/wp-json\/wp\/v2\/pages\/397","targetHints":{"allow":["GET"]}}],"collection":[{"href":"https:\/\/frontend.herakles-transfers.com\/en\/wp-json\/wp\/v2\/pages"}],"about":[{"href":"https:\/\/frontend.herakles-transfers.com\/en\/wp-json\/wp\/v2\/types\/page"}],"author":[{"embeddable":true,"href":"https:\/\/frontend.herakles-transfers.com\/en\/wp-json\/wp\/v2\/users\/1"}],"replies":[{"embeddable":true,"href":"https:\/\/frontend.herakles-transfers.com\/en\/wp-json\/wp\/v2\/comments?post=397"}],"version-history":[{"count":3,"href":"https:\/\/frontend.herakles-transfers.com\/en\/wp-json\/wp\/v2\/pages\/397\/revisions"}],"predecessor-version":[{"id":613,"href":"https:\/\/frontend.herakles-transfers.com\/en\/wp-json\/wp\/v2\/pages\/397\/revisions\/613"}],"wp:attachment":[{"href":"https:\/\/frontend.herakles-transfers.com\/en\/wp-json\/wp\/v2\/media?parent=397"}],"curies":[{"name":"wp","href":"https:\/\/api.w.org\/{rel}","templated":true}]}}