{"id":435,"date":"2023-06-26T10:14:31","date_gmt":"2023-06-26T08:14:31","guid":{"rendered":"https:\/\/transport-bellenge.devbeta.me\/apresentacao\/"},"modified":"2024-09-25T10:48:18","modified_gmt":"2024-09-25T08:48:18","slug":"apresentacao","status":"publish","type":"page","link":"https:\/\/frontend.herakles-transfers.com\/pt-br\/apresentacao\/","title":{"rendered":"Os nossos valores"},"content":{"rendered":"<h1>Nossos Valores<\/h1>\n<h2>Apresenta\u00e7\u00e3o<\/h2>\n<p>Com mais de 15 anos de experi\u00eancia, a empresa Herakles Transfers \u00e9 especializada na organiza\u00e7\u00e3o de transfers, privados e partilhados, entre os aeroportos de Genebra, Lyon, Grenoble, Chamb\u00e9ry e Annecy, de todas as est\u00e2ncias de esqui da Fran\u00e7a, Alpes su\u00ed\u00e7os e italianos.<\/p>\n<p>Entre as quais, as principais est\u00e2ncias de esqui s\u00e3o: Chamonix, Morzine, Avoriaz, Ch\u00e2tel, Flaine, Les Carroz, M\u00e9ribel, Courchevel, Tignes, Val D&#8217;Is\u00e8re, Meg\u00e8ve, M\u00e9ribel, Crans Montana e Zermatt\u2026 No entanto, a nossa experi\u00eancia do terreno e o profissionalismo das nossas equipas permite-nos organizar viagens de ou para todas as outras est\u00e2ncias de esqui localizadas na regi\u00e3o de Rh\u00f4ne Alpes (Tarentaise, Val d&#8217;Arly, Val d&#8217;Aosta, Iseran).<br \/>\nEncontre todos esses destinos usando nosso mecanismo de reservas.<\/p>\n<p>Garantimos tamb\u00e9m o nosso servi\u00e7o em toda a Fran\u00e7a, mas tamb\u00e9m a n\u00edvel internacional: Moscovo, C\u00f4te d&#8217;Azur, Paris, Londres, Malta, It\u00e1lia, (incluir outros nomes de cidades ou pa\u00edses)&#8230; ver\u00e3o e inverno.<\/p>\n<p>Os valores do Herakles Transfers que far\u00e3o toda a diferen\u00e7a:<\/p>\n<ul>\n<li>Nossos motoristas, discretos e qualificados, recebem voc\u00ea de terno e gravata<\/li>\n<li>Uma recep\u00e7\u00e3o personalizada, seja em fam\u00edlia, em grupo ou individualmente<\/li>\n<li>Garrafa de \u00e1gua gr\u00e1tis no ve\u00edculo<\/li>\n<li>Ve\u00edculos novos e espa\u00e7osos, equipados para todas as esta\u00e7\u00f5esReserva online simples e r\u00e1pida<\/li>\n<li>Uma pessoa sempre dispon\u00edvel para atender \u00e0s suas necessidades<\/li>\n<li>Uma central telef\u00f4nica aberta 24 horas por dia, 7 dias por semana, em franc\u00eas, ingl\u00eas, russo e brasileiro<\/li>\n<\/ul>\n<h2>Transporte privado<\/h2>\n<p>Tal como acontece com o transporte partilhado, estamos inteiramente dedicados a si e iremos lev\u00e1-lo a Courchevel, M\u00e9ribel, Val Thorens, Les M\u00e9nuires, mas tamb\u00e9m a Tignes, Val d\u2019Is\u00e8re, Les Arcs e muitas outras est\u00e2ncias de esqui. Nosso servi\u00e7o privado lhe garantir\u00e1 total satisfa\u00e7\u00e3o<\/p>\n<p>A partir de apenas 150\u20ac por viagem, beneficie de um servi\u00e7o porta-a-porta topo de gama que inclui uma garrafa de \u00e1gua, algumas guloseimas e v\u00e1rios servi\u00e7os adicionais. O atendimento ao cliente 24 horas por dia, 7 dias por semana, est\u00e1 dispon\u00edvel para sua conveni\u00eancia.<\/p>\n<p><strong>Como posso reservar meu transporte privado?<\/strong><\/p>\n<ul>\n<li>Clique no livro,<\/li>\n<li>Complete todos os elementos solicitados,<\/li>\n<li>Escolha sua transfer\u00eancia privada (ou transfer\u00eancia compartilhada, se preferir),<\/li>\n<li>Escolha o hor\u00e1rio do seu transporte de retorno *,<\/li>\n<li>Siga as instru\u00e7\u00f5es na tela para efetuar o pagamento,<\/li>\n<li>Sua confirma\u00e7\u00e3o de reserva e fatura ser\u00e3o enviadas autom\u00e1tica e imediatamente por e-mail.<\/li>\n<\/ul>\n<h2>Um pequeno conselho&#8230;!<\/h2>\n<p>Para limitar o seu tempo de espera no aeroporto, aconselhamos que planeie o seu voo de acordo com os nossos hor\u00e1rios de transporte.<\/p>\n<p>Para a sua escolha do hor\u00e1rio de sa\u00edda da esta\u00e7\u00e3o para o seu aeroporto, recomendamos sair pelo menos 5 horas antes do hor\u00e1rio de decolagem, por isso em cada uma de nossas propostas indicamos um tempo de condu\u00e7\u00e3o aproximado para cada viagem. Cabe a voc\u00ea adicionar com quanto tempo de anteced\u00eancia deseja chegar ao aeroporto. Lembre-se de deixar uma margem de seguran\u00e7a de pelo menos 45 minutos, pois n\u00e3o se deve esquecer que o transporte partilhado pode exigir v\u00e1rias paragens para outros utilizadores. Tamb\u00e9m n\u00e3o devemos negligenciar o facto de que ap\u00f3s datas de tr\u00e1fego rodovi\u00e1rio intenso, o tempo de viagem pode ser significativamente prolongado. Como regra geral, voc\u00ea deve aguardar pelo menos 5 horas antes da hora de decolagem de Courchevel, M\u00e9ribel, la Tania, Val Thorens. Adicione de acordo com o hor\u00e1rio 1 hora para Tignes, Val d\u2019Is\u00e8re, les Arcs\u2026.<\/p>\n<p>Se o seu voo sa\u00edsse do aeroporto de Genebra ou Lyon com decolagem \u00e0s 14h de um s\u00e1bado, voc\u00ea precisaria planejar uma partida entre 8h30 e 9h de Courchevel e 7h de Val d&#8217;Is\u00e8re ou Tignes.<br \/>\nSua chegada ao aeroporto ser\u00e1 entre 12h e 12h20.<\/p>\n<p><strong>Voc\u00ea chega ao aeroporto:<\/strong><\/p>\n<p>Uma recep\u00e7\u00e3o privada est\u00e1 reservada para voc\u00ea; o motorista ir\u00e1 acompanh\u00e1-lo at\u00e9 o ve\u00edculo para guardar sua bagagem, aguardando o hor\u00e1rio de sa\u00edda.<br \/>\nSe voc\u00ea perder sua partida, n\u00e3o se preocupe, podemos sempre providenciar sua transfer\u00eancia para seu destino no pr\u00f3ximo voo dispon\u00edvel. No entanto, ser\u00e1 necess\u00e1rio um suplemento (ver condi\u00e7\u00f5es gerais de venda). Para evitar este inconveniente, aconselhamos que planeie a sua partida pelo menos 45 minutos ap\u00f3s a aterragem programada do seu voo.<\/p>\n<p><strong>Voc\u00ea est\u00e1 saindo para o aeroporto:<\/strong><\/p>\n<p>Iremos busc\u00e1-lo no endere\u00e7o que voc\u00ea nos forneceu quando fez sua reserva.<br \/>\nO tempo de recolha que definiu pode variar entre mais ou menos 30 minutos dependendo dos diferentes locais de recolha para diferentes utilizadores.<br \/>\nSe perder a sua partida, n\u00e3o se preocupe, podemos sempre assegurar o seu transfer para o Aeroporto no pr\u00f3ximo shuttle dispon\u00edvel. No entanto, ter\u00e1 de pagar um suplemento (ver condi\u00e7\u00f5es gerais de venda) ou organizar um transfer privado adicional, a pagar diretamente ao motorista.<\/p>\n<h2>Servi\u00e7os Empresariais:<\/h2>\n<p>A empresa Herakles Transfers tamb\u00e9m \u00e9 especializada em solu\u00e7\u00f5es de transporte para empresas, com experi\u00eancia adquirida em parcerias com grandes grupos nacionais franceses.<br \/>\nGerenciaremos o transporte de suas reuni\u00f5es de neg\u00f3cios ou eventos com profissionalismo e pontualidade. Transportaremos os seus colegas ou clientes importantes com o maior prazer, garantindo a nossa qualidade de servi\u00e7o.<br \/>\nPara qualquer solicita\u00e7\u00e3o, a Herakles Transfers ser\u00e1 uma solu\u00e7\u00e3o eficiente e s\u00e9ria para todas as suas necessidades, seja qual for o tamanho. Nossos motoristas est\u00e3o \u00e0 sua disposi\u00e7\u00e3o.<br \/>\nNa Herakles Transfers temos orgulho em garantir-lhe confidencialidade, pontualidade e fiabilidade\u2026<\/p>\n<p>&nbsp;<\/p>\n<p>Para qualquer informa\u00e7\u00e3o adicional ou pedido espec\u00edfico, estamos \u00e0 sua disposi\u00e7\u00e3o por email para o seguinte endere\u00e7o: <a href=\"mailto:contact@herakles-transfers.com\">contact@herakles-transfers.com<\/a><\/p>\n","protected":false},"excerpt":{"rendered":"<p>Nossos Valores Apresenta\u00e7\u00e3o Com mais de 15 anos de experi\u00eancia, a empresa Herakles Transfers \u00e9 especializada na organiza\u00e7\u00e3o de transfers, privados e partilhados, entre os aeroportos de Genebra, Lyon, Grenoble, Chamb\u00e9ry e Annecy, de todas as est\u00e2ncias de esqui da Fran\u00e7a, Alpes su\u00ed\u00e7os e italianos. Entre as quais, as principais est\u00e2ncias de esqui s\u00e3o: Chamonix, [&hellip;]<\/p>\n","protected":false},"author":1,"featured_media":0,"parent":0,"menu_order":0,"comment_status":"closed","ping_status":"closed","template":"","meta":{"footnotes":""},"class_list":["post-435","page","type-page","status-publish","hentry"],"yoast_head":"<!-- This site is optimized with the Yoast SEO plugin v24.9 - https:\/\/yoast.com\/wordpress\/plugins\/seo\/ -->\n<title>Os nossos valores - Herakles Transfers<\/title>\n<meta name=\"robots\" content=\"index, follow, max-snippet:-1, max-image-preview:large, max-video-preview:-1\" \/>\n<link rel=\"canonical\" href=\"https:\/\/frontend.herakles-transfers.com\/pt-br\/apresentacao\/\" \/>\n<meta property=\"og:locale\" content=\"pt_BR\" \/>\n<meta property=\"og:type\" content=\"article\" \/>\n<meta property=\"og:title\" content=\"Os nossos valores - Herakles Transfers\" \/>\n<meta property=\"og:description\" content=\"Nossos Valores Apresenta\u00e7\u00e3o Com mais de 15 anos de experi\u00eancia, a empresa Herakles Transfers \u00e9 especializada na organiza\u00e7\u00e3o de transfers, privados e partilhados, entre os aeroportos de Genebra, Lyon, Grenoble, Chamb\u00e9ry e Annecy, de todas as est\u00e2ncias de esqui da Fran\u00e7a, Alpes su\u00ed\u00e7os e italianos. Entre as quais, as principais est\u00e2ncias de esqui s\u00e3o: Chamonix, [&hellip;]\" \/>\n<meta property=\"og:url\" content=\"https:\/\/frontend.herakles-transfers.com\/pt-br\/apresentacao\/\" \/>\n<meta property=\"og:site_name\" content=\"Herakles Transfers\" \/>\n<meta property=\"article:modified_time\" content=\"2024-09-25T08:48:18+00:00\" \/>\n<meta name=\"twitter:card\" content=\"summary_large_image\" \/>\n<meta name=\"twitter:label1\" content=\"Est. tempo de leitura\" \/>\n\t<meta name=\"twitter:data1\" content=\"5 minutos\" \/>\n<script type=\"application\/ld+json\" class=\"yoast-schema-graph\">{\"@context\":\"https:\/\/schema.org\",\"@graph\":[{\"@type\":\"WebPage\",\"@id\":\"https:\/\/frontend.herakles-transfers.com\/pt-br\/apresentacao\/\",\"url\":\"https:\/\/frontend.herakles-transfers.com\/pt-br\/apresentacao\/\",\"name\":\"Os nossos valores - Herakles Transfers\",\"isPartOf\":{\"@id\":\"https:\/\/frontend.herakles-transfers.com\/#website\"},\"datePublished\":\"2023-06-26T08:14:31+00:00\",\"dateModified\":\"2024-09-25T08:48:18+00:00\",\"breadcrumb\":{\"@id\":\"https:\/\/frontend.herakles-transfers.com\/pt-br\/apresentacao\/#breadcrumb\"},\"inLanguage\":\"pt-BR\",\"potentialAction\":[{\"@type\":\"ReadAction\",\"target\":[\"https:\/\/frontend.herakles-transfers.com\/pt-br\/apresentacao\/\"]}]},{\"@type\":\"BreadcrumbList\",\"@id\":\"https:\/\/frontend.herakles-transfers.com\/pt-br\/apresentacao\/#breadcrumb\",\"itemListElement\":[{\"@type\":\"ListItem\",\"position\":1,\"name\":\"Accueil\",\"item\":\"https:\/\/frontend.herakles-transfers.com\/pt-br\/\"},{\"@type\":\"ListItem\",\"position\":2,\"name\":\"Os nossos valores\"}]},{\"@type\":\"WebSite\",\"@id\":\"https:\/\/frontend.herakles-transfers.com\/#website\",\"url\":\"https:\/\/frontend.herakles-transfers.com\/\",\"name\":\"Herakles Transfers\",\"description\":\"\",\"publisher\":{\"@id\":\"https:\/\/frontend.herakles-transfers.com\/#organization\"},\"potentialAction\":[{\"@type\":\"SearchAction\",\"target\":{\"@type\":\"EntryPoint\",\"urlTemplate\":\"https:\/\/frontend.herakles-transfers.com\/?s={search_term_string}\"},\"query-input\":{\"@type\":\"PropertyValueSpecification\",\"valueRequired\":true,\"valueName\":\"search_term_string\"}}],\"inLanguage\":\"pt-BR\"},{\"@type\":\"Organization\",\"@id\":\"https:\/\/frontend.herakles-transfers.com\/#organization\",\"name\":\"Herakles Transfers\",\"url\":\"https:\/\/frontend.herakles-transfers.com\/\",\"logo\":{\"@type\":\"ImageObject\",\"inLanguage\":\"pt-BR\",\"@id\":\"https:\/\/frontend.herakles-transfers.com\/#\/schema\/logo\/image\/\",\"url\":\"https:\/\/frontend.herakles-transfers.com\/wp-content\/uploads\/2023\/10\/Logo-herakles.webp\",\"contentUrl\":\"https:\/\/frontend.herakles-transfers.com\/wp-content\/uploads\/2023\/10\/Logo-herakles.webp\",\"width\":450,\"height\":104,\"caption\":\"Herakles Transfers\"},\"image\":{\"@id\":\"https:\/\/frontend.herakles-transfers.com\/#\/schema\/logo\/image\/\"}}]}<\/script>\n<!-- \/ Yoast SEO plugin. -->","yoast_head_json":{"title":"Os nossos valores - Herakles Transfers","robots":{"index":"index","follow":"follow","max-snippet":"max-snippet:-1","max-image-preview":"max-image-preview:large","max-video-preview":"max-video-preview:-1"},"canonical":"https:\/\/frontend.herakles-transfers.com\/pt-br\/apresentacao\/","og_locale":"pt_BR","og_type":"article","og_title":"Os nossos valores - Herakles Transfers","og_description":"Nossos Valores Apresenta\u00e7\u00e3o Com mais de 15 anos de experi\u00eancia, a empresa Herakles Transfers \u00e9 especializada na organiza\u00e7\u00e3o de transfers, privados e partilhados, entre os aeroportos de Genebra, Lyon, Grenoble, Chamb\u00e9ry e Annecy, de todas as est\u00e2ncias de esqui da Fran\u00e7a, Alpes su\u00ed\u00e7os e italianos. Entre as quais, as principais est\u00e2ncias de esqui s\u00e3o: Chamonix, [&hellip;]","og_url":"https:\/\/frontend.herakles-transfers.com\/pt-br\/apresentacao\/","og_site_name":"Herakles Transfers","article_modified_time":"2024-09-25T08:48:18+00:00","twitter_card":"summary_large_image","twitter_misc":{"Est. tempo de leitura":"5 minutos"},"schema":{"@context":"https:\/\/schema.org","@graph":[{"@type":"WebPage","@id":"https:\/\/frontend.herakles-transfers.com\/pt-br\/apresentacao\/","url":"https:\/\/frontend.herakles-transfers.com\/pt-br\/apresentacao\/","name":"Os nossos valores - Herakles Transfers","isPartOf":{"@id":"https:\/\/frontend.herakles-transfers.com\/#website"},"datePublished":"2023-06-26T08:14:31+00:00","dateModified":"2024-09-25T08:48:18+00:00","breadcrumb":{"@id":"https:\/\/frontend.herakles-transfers.com\/pt-br\/apresentacao\/#breadcrumb"},"inLanguage":"pt-BR","potentialAction":[{"@type":"ReadAction","target":["https:\/\/frontend.herakles-transfers.com\/pt-br\/apresentacao\/"]}]},{"@type":"BreadcrumbList","@id":"https:\/\/frontend.herakles-transfers.com\/pt-br\/apresentacao\/#breadcrumb","itemListElement":[{"@type":"ListItem","position":1,"name":"Accueil","item":"https:\/\/frontend.herakles-transfers.com\/pt-br\/"},{"@type":"ListItem","position":2,"name":"Os nossos valores"}]},{"@type":"WebSite","@id":"https:\/\/frontend.herakles-transfers.com\/#website","url":"https:\/\/frontend.herakles-transfers.com\/","name":"Herakles Transfers","description":"","publisher":{"@id":"https:\/\/frontend.herakles-transfers.com\/#organization"},"potentialAction":[{"@type":"SearchAction","target":{"@type":"EntryPoint","urlTemplate":"https:\/\/frontend.herakles-transfers.com\/?s={search_term_string}"},"query-input":{"@type":"PropertyValueSpecification","valueRequired":true,"valueName":"search_term_string"}}],"inLanguage":"pt-BR"},{"@type":"Organization","@id":"https:\/\/frontend.herakles-transfers.com\/#organization","name":"Herakles Transfers","url":"https:\/\/frontend.herakles-transfers.com\/","logo":{"@type":"ImageObject","inLanguage":"pt-BR","@id":"https:\/\/frontend.herakles-transfers.com\/#\/schema\/logo\/image\/","url":"https:\/\/frontend.herakles-transfers.com\/wp-content\/uploads\/2023\/10\/Logo-herakles.webp","contentUrl":"https:\/\/frontend.herakles-transfers.com\/wp-content\/uploads\/2023\/10\/Logo-herakles.webp","width":450,"height":104,"caption":"Herakles Transfers"},"image":{"@id":"https:\/\/frontend.herakles-transfers.com\/#\/schema\/logo\/image\/"}}]}},"_links":{"self":[{"href":"https:\/\/frontend.herakles-transfers.com\/pt-br\/wp-json\/wp\/v2\/pages\/435","targetHints":{"allow":["GET"]}}],"collection":[{"href":"https:\/\/frontend.herakles-transfers.com\/pt-br\/wp-json\/wp\/v2\/pages"}],"about":[{"href":"https:\/\/frontend.herakles-transfers.com\/pt-br\/wp-json\/wp\/v2\/types\/page"}],"author":[{"embeddable":true,"href":"https:\/\/frontend.herakles-transfers.com\/pt-br\/wp-json\/wp\/v2\/users\/1"}],"replies":[{"embeddable":true,"href":"https:\/\/frontend.herakles-transfers.com\/pt-br\/wp-json\/wp\/v2\/comments?post=435"}],"version-history":[{"count":1,"href":"https:\/\/frontend.herakles-transfers.com\/pt-br\/wp-json\/wp\/v2\/pages\/435\/revisions"}],"predecessor-version":[{"id":611,"href":"https:\/\/frontend.herakles-transfers.com\/pt-br\/wp-json\/wp\/v2\/pages\/435\/revisions\/611"}],"wp:attachment":[{"href":"https:\/\/frontend.herakles-transfers.com\/pt-br\/wp-json\/wp\/v2\/media?parent=435"}],"curies":[{"name":"wp","href":"https:\/\/api.w.org\/{rel}","templated":true}]}}