{"id":436,"date":"2023-06-26T10:17:54","date_gmt":"2023-06-26T08:17:54","guid":{"rendered":"https:\/\/transport-bellenge.devbeta.me\/politica-de-privacidade\/"},"modified":"2024-09-25T11:11:58","modified_gmt":"2024-09-25T09:11:58","slug":"politica-de-privacidade","status":"publish","type":"page","link":"https:\/\/frontend.herakles-transfers.com\/pt-br\/politica-de-privacidade\/","title":{"rendered":"pol\u00edtica de Privacidade"},"content":{"rendered":"<h1>Carta para o uso de dados pessoais<\/h1>\n<h2>Defini\u00e7\u00f5es dos termos usados na carta<\/h2>\n<p>Os termos a seguir s\u00e3o usados daqui em diante:<\/p>\n<p>Site&#8217; ou &#8216;servi\u00e7o&#8217;: o site www.herakles-transfers.com e todas as suas p\u00e1ginas.<br \/>\nEditor&#8221;: Herakles Transfers, respons\u00e1vel pela publica\u00e7\u00e3o e pelo conte\u00fado do site www.herakles-transfers.com.<br \/>\nUsu\u00e1rio&#8221;: o usu\u00e1rio da Internet que visita e usa os servi\u00e7os do site www.herakles-transfers.com.<\/p>\n<h2>Introdu\u00e7\u00e3o e fun\u00e7\u00e3o da carta<\/h2>\n<p>O objetivo desta carta \u00e9 inform\u00e1-lo sobre os compromissos do site www.herakles-transfers.com com rela\u00e7\u00e3o ao respeito \u00e0 sua privacidade e \u00e0 prote\u00e7\u00e3o de seus dados pessoais coletados e processados durante o uso do servi\u00e7o.<\/p>\n<p>Ao se registrar no site, voc\u00ea se compromete a nos fornecer informa\u00e7\u00f5es verdadeiras sobre si mesmo. O fornecimento de informa\u00e7\u00f5es falsas \u00e9 contr\u00e1rio aos Termos e Condi\u00e7\u00f5es Gerais apresentados no site. Voc\u00ea pode, a qualquer momento, fazer uma solicita\u00e7\u00e3o ao www.herakles-transfers.com para saber quais informa\u00e7\u00f5es sobre voc\u00ea s\u00e3o mantidas pelo www.herakles-transfers.com, para se opor ao seu processamento ou para que sejam alteradas ou exclu\u00eddas, entrando em contato com o diretor de publica\u00e7\u00e3o em contact@herakles-transfers.com.<\/p>\n<h2>Dados coletados no site<\/h2>\n<p>Os dados coletados e posteriormente processados pelo site s\u00e3o aqueles que voc\u00ea nos transmite voluntariamente ao preencher os diversos formul\u00e1rios do site. Para determinadas opera\u00e7\u00f5es relacionadas ao conte\u00fado, pode ser solicitado que voc\u00ea transmita seus dados a parceiros terceiros por meio de seus pr\u00f3prios servi\u00e7os, mais especificamente ao efetuar pagamentos. N\u00e3o teremos acesso a esses dados, pois sua coleta e processamento s\u00e3o regidos pelas condi\u00e7\u00f5es espec\u00edficas dessas partes. Convidamos voc\u00ea a consultar as condi\u00e7\u00f5es antes de comunicar seus dados nesse contexto.<\/p>\n<p>Seu endere\u00e7o IP (n\u00famero de identifica\u00e7\u00e3o atribu\u00eddo ao seu computador na Internet) \u00e9 coletado automaticamente. Informamos que o servi\u00e7o pode implementar um processo de rastreamento autom\u00e1tico (Cookie), que pode ser evitado alterando as configura\u00e7\u00f5es relevantes no navegador da Internet, conforme explicado nas condi\u00e7\u00f5es gerais deste site.<br \/>\nOs detalhes de contato dos usu\u00e1rios do site que se registrarem nele ser\u00e3o salvos, em conformidade com as disposi\u00e7\u00f5es da Lei Francesa de Prote\u00e7\u00e3o de Dados de 6 de janeiro de 1978. De acordo com essa lei, os usu\u00e1rios t\u00eam o direito de acessar, retirar, modificar ou retificar os dados que forneceram. Para isso, basta enviar uma solicita\u00e7\u00e3o para o seguinte endere\u00e7o de e-mail: contact@herakles-transfers.com.<\/p>\n<p>A coleta de dados pessoais dos membros pelo editor deste site foi declarada \u00e0 autoridade francesa de prote\u00e7\u00e3o de dados pessoais (a Commission Nationale de l&#8217;Informatique et des Libert\u00e9s &#8211; CNIL) sob o n\u00famero 1594211.<\/p>\n<h2>Finalidade dos dados coletados<\/h2>\n<p>Os dados identificados como obrigat\u00f3rios nos formul\u00e1rios do site s\u00e3o necess\u00e1rios para que se possa usufruir das fun\u00e7\u00f5es correspondentes do site e, mais especificamente, para realizar opera\u00e7\u00f5es sobre o conte\u00fado oferecido no site. Os dados coletados automaticamente pelo nosso servi\u00e7o podem ser usados para produzir estat\u00edsticas sobre a consulta de suas p\u00e1ginas da Web.<\/p>\n<h2>Destinat\u00e1rios e uso dos dados coletados<\/h2>\n<p>Os dados coletados por n\u00f3s s\u00e3o processados para fins de realiza\u00e7\u00e3o de opera\u00e7\u00f5es sobre o conte\u00fado do servi\u00e7o.<\/p>\n<p>Voc\u00ea poder\u00e1 receber e-mails de nosso servi\u00e7o, especialmente como parte de boletins informativos. Voc\u00ea pode solicitar a interrup\u00e7\u00e3o do recebimento desses e-mails entrando em contato conosco pelo e-mail contact@herakles-transfers.com ou clicando no link fornecido para esse fim em cada e-mail enviado a voc\u00ea.<\/p>\n<p>Apenas para determinados dados, identificados no formul\u00e1rio correspondente, e sujeito \u00e0 sua aceita\u00e7\u00e3o volunt\u00e1ria e ativa por meio do referido formul\u00e1rio, voc\u00ea aceita que seus dados sejam transmitidos a nossos parceiros comerciais para fins de marketing ou publicidade. Informamos que essa transmiss\u00e3o a terceiros exclui todos os dados banc\u00e1rios relativos a voc\u00ea. Esses parceiros comerciais podem lhe enviar informa\u00e7\u00f5es por e-mail como parte de opera\u00e7\u00f5es promocionais espec\u00edficas e pontuais. Esses parceiros s\u00e3o especialmente selecionados pelo www.herakles-transfers.com com base na qualidade de seus produtos e servi\u00e7os. Voc\u00ea pode pedir para n\u00e3o receber esses e-mails a qualquer momento entrando em contato conosco pelo e-mail contact@herakles-transfers.com ou clicando no link fornecido para esse fim e inserido no rodap\u00e9 de cada e-mail enviado a voc\u00ea.<\/p>\n<h2>Seguran\u00e7a dos dados<\/h2>\n<p>Voc\u00ea \u00e9 informado de que seus dados podem ser divulgados em aplica\u00e7\u00e3o de uma lei, regulamento ou em virtude de uma decis\u00e3o de uma autoridade regulat\u00f3ria ou judicial competente ou, se necess\u00e1rio, para que o Editor proteja seus direitos e interesses.<\/p>\n<h2>Dura\u00e7\u00e3o do armazenamento de dados<\/h2>\n<p>Os dados s\u00e3o armazenados pelo host do site www.herakles-transfers.com, cujos detalhes de contato s\u00e3o fornecidos no Aviso Legal do site, e s\u00e3o mantidos pelo per\u00edodo estritamente necess\u00e1rio para atingir as finalidades estabelecidas acima. Ap\u00f3s esse per\u00edodo, eles ser\u00e3o mantidos exclusivamente para fins estat\u00edsticos e n\u00e3o ser\u00e3o usados de forma alguma.<\/p>\n","protected":false},"excerpt":{"rendered":"<p>Carta para o uso de dados pessoais Defini\u00e7\u00f5es dos termos usados na carta Os termos a seguir s\u00e3o usados daqui em diante: Site&#8217; ou &#8216;servi\u00e7o&#8217;: o site www.herakles-transfers.com e todas as suas p\u00e1ginas. Editor&#8221;: Herakles Transfers, respons\u00e1vel pela publica\u00e7\u00e3o e pelo conte\u00fado do site www.herakles-transfers.com. Usu\u00e1rio&#8221;: o usu\u00e1rio da Internet que visita e usa os [&hellip;]<\/p>\n","protected":false},"author":1,"featured_media":0,"parent":0,"menu_order":0,"comment_status":"closed","ping_status":"closed","template":"","meta":{"footnotes":""},"class_list":["post-436","page","type-page","status-publish","hentry"],"yoast_head":"<!-- This site is optimized with the Yoast SEO plugin v24.9 - https:\/\/yoast.com\/wordpress\/plugins\/seo\/ -->\n<title>pol\u00edtica de Privacidade - Herakles Transfers<\/title>\n<meta name=\"robots\" content=\"index, follow, max-snippet:-1, max-image-preview:large, max-video-preview:-1\" \/>\n<link rel=\"canonical\" href=\"https:\/\/frontend.herakles-transfers.com\/pt-br\/politica-de-privacidade\/\" \/>\n<meta property=\"og:locale\" content=\"pt_BR\" \/>\n<meta property=\"og:type\" content=\"article\" \/>\n<meta property=\"og:title\" content=\"pol\u00edtica de Privacidade - Herakles Transfers\" \/>\n<meta property=\"og:description\" content=\"Carta para o uso de dados pessoais Defini\u00e7\u00f5es dos termos usados na carta Os termos a seguir s\u00e3o usados daqui em diante: Site&#8217; ou &#8216;servi\u00e7o&#8217;: o site www.herakles-transfers.com e todas as suas p\u00e1ginas. Editor&#8221;: Herakles Transfers, respons\u00e1vel pela publica\u00e7\u00e3o e pelo conte\u00fado do site www.herakles-transfers.com. Usu\u00e1rio&#8221;: o usu\u00e1rio da Internet que visita e usa os [&hellip;]\" \/>\n<meta property=\"og:url\" content=\"https:\/\/frontend.herakles-transfers.com\/pt-br\/politica-de-privacidade\/\" \/>\n<meta property=\"og:site_name\" content=\"Herakles Transfers\" \/>\n<meta property=\"article:modified_time\" content=\"2024-09-25T09:11:58+00:00\" \/>\n<meta name=\"twitter:card\" content=\"summary_large_image\" \/>\n<meta name=\"twitter:label1\" content=\"Est. tempo de leitura\" \/>\n\t<meta name=\"twitter:data1\" content=\"4 minutos\" \/>\n<script type=\"application\/ld+json\" class=\"yoast-schema-graph\">{\"@context\":\"https:\/\/schema.org\",\"@graph\":[{\"@type\":\"WebPage\",\"@id\":\"https:\/\/frontend.herakles-transfers.com\/pt-br\/politica-de-privacidade\/\",\"url\":\"https:\/\/frontend.herakles-transfers.com\/pt-br\/politica-de-privacidade\/\",\"name\":\"pol\u00edtica de Privacidade - Herakles Transfers\",\"isPartOf\":{\"@id\":\"https:\/\/frontend.herakles-transfers.com\/#website\"},\"datePublished\":\"2023-06-26T08:17:54+00:00\",\"dateModified\":\"2024-09-25T09:11:58+00:00\",\"breadcrumb\":{\"@id\":\"https:\/\/frontend.herakles-transfers.com\/pt-br\/politica-de-privacidade\/#breadcrumb\"},\"inLanguage\":\"pt-BR\",\"potentialAction\":[{\"@type\":\"ReadAction\",\"target\":[\"https:\/\/frontend.herakles-transfers.com\/pt-br\/politica-de-privacidade\/\"]}]},{\"@type\":\"BreadcrumbList\",\"@id\":\"https:\/\/frontend.herakles-transfers.com\/pt-br\/politica-de-privacidade\/#breadcrumb\",\"itemListElement\":[{\"@type\":\"ListItem\",\"position\":1,\"name\":\"Accueil\",\"item\":\"https:\/\/frontend.herakles-transfers.com\/pt-br\/\"},{\"@type\":\"ListItem\",\"position\":2,\"name\":\"pol\u00edtica de Privacidade\"}]},{\"@type\":\"WebSite\",\"@id\":\"https:\/\/frontend.herakles-transfers.com\/#website\",\"url\":\"https:\/\/frontend.herakles-transfers.com\/\",\"name\":\"Herakles Transfers\",\"description\":\"\",\"publisher\":{\"@id\":\"https:\/\/frontend.herakles-transfers.com\/#organization\"},\"potentialAction\":[{\"@type\":\"SearchAction\",\"target\":{\"@type\":\"EntryPoint\",\"urlTemplate\":\"https:\/\/frontend.herakles-transfers.com\/?s={search_term_string}\"},\"query-input\":{\"@type\":\"PropertyValueSpecification\",\"valueRequired\":true,\"valueName\":\"search_term_string\"}}],\"inLanguage\":\"pt-BR\"},{\"@type\":\"Organization\",\"@id\":\"https:\/\/frontend.herakles-transfers.com\/#organization\",\"name\":\"Herakles Transfers\",\"url\":\"https:\/\/frontend.herakles-transfers.com\/\",\"logo\":{\"@type\":\"ImageObject\",\"inLanguage\":\"pt-BR\",\"@id\":\"https:\/\/frontend.herakles-transfers.com\/#\/schema\/logo\/image\/\",\"url\":\"https:\/\/frontend.herakles-transfers.com\/wp-content\/uploads\/2023\/10\/Logo-herakles.webp\",\"contentUrl\":\"https:\/\/frontend.herakles-transfers.com\/wp-content\/uploads\/2023\/10\/Logo-herakles.webp\",\"width\":450,\"height\":104,\"caption\":\"Herakles Transfers\"},\"image\":{\"@id\":\"https:\/\/frontend.herakles-transfers.com\/#\/schema\/logo\/image\/\"}}]}<\/script>\n<!-- \/ Yoast SEO plugin. -->","yoast_head_json":{"title":"pol\u00edtica de Privacidade - Herakles Transfers","robots":{"index":"index","follow":"follow","max-snippet":"max-snippet:-1","max-image-preview":"max-image-preview:large","max-video-preview":"max-video-preview:-1"},"canonical":"https:\/\/frontend.herakles-transfers.com\/pt-br\/politica-de-privacidade\/","og_locale":"pt_BR","og_type":"article","og_title":"pol\u00edtica de Privacidade - Herakles Transfers","og_description":"Carta para o uso de dados pessoais Defini\u00e7\u00f5es dos termos usados na carta Os termos a seguir s\u00e3o usados daqui em diante: Site&#8217; ou &#8216;servi\u00e7o&#8217;: o site www.herakles-transfers.com e todas as suas p\u00e1ginas. Editor&#8221;: Herakles Transfers, respons\u00e1vel pela publica\u00e7\u00e3o e pelo conte\u00fado do site www.herakles-transfers.com. Usu\u00e1rio&#8221;: o usu\u00e1rio da Internet que visita e usa os [&hellip;]","og_url":"https:\/\/frontend.herakles-transfers.com\/pt-br\/politica-de-privacidade\/","og_site_name":"Herakles Transfers","article_modified_time":"2024-09-25T09:11:58+00:00","twitter_card":"summary_large_image","twitter_misc":{"Est. tempo de leitura":"4 minutos"},"schema":{"@context":"https:\/\/schema.org","@graph":[{"@type":"WebPage","@id":"https:\/\/frontend.herakles-transfers.com\/pt-br\/politica-de-privacidade\/","url":"https:\/\/frontend.herakles-transfers.com\/pt-br\/politica-de-privacidade\/","name":"pol\u00edtica de Privacidade - Herakles Transfers","isPartOf":{"@id":"https:\/\/frontend.herakles-transfers.com\/#website"},"datePublished":"2023-06-26T08:17:54+00:00","dateModified":"2024-09-25T09:11:58+00:00","breadcrumb":{"@id":"https:\/\/frontend.herakles-transfers.com\/pt-br\/politica-de-privacidade\/#breadcrumb"},"inLanguage":"pt-BR","potentialAction":[{"@type":"ReadAction","target":["https:\/\/frontend.herakles-transfers.com\/pt-br\/politica-de-privacidade\/"]}]},{"@type":"BreadcrumbList","@id":"https:\/\/frontend.herakles-transfers.com\/pt-br\/politica-de-privacidade\/#breadcrumb","itemListElement":[{"@type":"ListItem","position":1,"name":"Accueil","item":"https:\/\/frontend.herakles-transfers.com\/pt-br\/"},{"@type":"ListItem","position":2,"name":"pol\u00edtica de Privacidade"}]},{"@type":"WebSite","@id":"https:\/\/frontend.herakles-transfers.com\/#website","url":"https:\/\/frontend.herakles-transfers.com\/","name":"Herakles Transfers","description":"","publisher":{"@id":"https:\/\/frontend.herakles-transfers.com\/#organization"},"potentialAction":[{"@type":"SearchAction","target":{"@type":"EntryPoint","urlTemplate":"https:\/\/frontend.herakles-transfers.com\/?s={search_term_string}"},"query-input":{"@type":"PropertyValueSpecification","valueRequired":true,"valueName":"search_term_string"}}],"inLanguage":"pt-BR"},{"@type":"Organization","@id":"https:\/\/frontend.herakles-transfers.com\/#organization","name":"Herakles Transfers","url":"https:\/\/frontend.herakles-transfers.com\/","logo":{"@type":"ImageObject","inLanguage":"pt-BR","@id":"https:\/\/frontend.herakles-transfers.com\/#\/schema\/logo\/image\/","url":"https:\/\/frontend.herakles-transfers.com\/wp-content\/uploads\/2023\/10\/Logo-herakles.webp","contentUrl":"https:\/\/frontend.herakles-transfers.com\/wp-content\/uploads\/2023\/10\/Logo-herakles.webp","width":450,"height":104,"caption":"Herakles Transfers"},"image":{"@id":"https:\/\/frontend.herakles-transfers.com\/#\/schema\/logo\/image\/"}}]}},"_links":{"self":[{"href":"https:\/\/frontend.herakles-transfers.com\/pt-br\/wp-json\/wp\/v2\/pages\/436","targetHints":{"allow":["GET"]}}],"collection":[{"href":"https:\/\/frontend.herakles-transfers.com\/pt-br\/wp-json\/wp\/v2\/pages"}],"about":[{"href":"https:\/\/frontend.herakles-transfers.com\/pt-br\/wp-json\/wp\/v2\/types\/page"}],"author":[{"embeddable":true,"href":"https:\/\/frontend.herakles-transfers.com\/pt-br\/wp-json\/wp\/v2\/users\/1"}],"replies":[{"embeddable":true,"href":"https:\/\/frontend.herakles-transfers.com\/pt-br\/wp-json\/wp\/v2\/comments?post=436"}],"version-history":[{"count":1,"href":"https:\/\/frontend.herakles-transfers.com\/pt-br\/wp-json\/wp\/v2\/pages\/436\/revisions"}],"predecessor-version":[{"id":622,"href":"https:\/\/frontend.herakles-transfers.com\/pt-br\/wp-json\/wp\/v2\/pages\/436\/revisions\/622"}],"wp:attachment":[{"href":"https:\/\/frontend.herakles-transfers.com\/pt-br\/wp-json\/wp\/v2\/media?parent=436"}],"curies":[{"name":"wp","href":"https:\/\/api.w.org\/{rel}","templated":true}]}}