{"id":437,"date":"2023-06-26T10:16:30","date_gmt":"2023-06-26T08:16:30","guid":{"rendered":"https:\/\/transport-bellenge.devbeta.me\/contate-nos\/"},"modified":"2024-10-01T11:24:04","modified_gmt":"2024-10-01T09:24:04","slug":"contate-nos","status":"publish","type":"page","link":"https:\/\/frontend.herakles-transfers.com\/pt-br\/contate-nos\/","title":{"rendered":"Contate-nos"},"content":{"rendered":"<h1>Entre em contato conosco<\/h1>\n<p><strong>Voc\u00ea pode entrar em contato conosco diretamente:<\/strong><\/p>\n<ul class=\"contact-methode\">\n<li><img decoding=\"async\" src=\"\/wp-content\/themes\/herakles\/assets\/img\/icn-smartphone.webp\" alt=\"\" width=\"60px\" height=\"60px\"\/>+33 (0)6 86 94 12 13 (WhatsApp &#038; tel.)<\/li>\n<li><img decoding=\"async\" src=\"\/wp-content\/themes\/herakles\/assets\/img\/icn-email.webp\" alt=\"\" width=\"60px\" height=\"60px\"\/><a href=\u201cmailto:reservation@transport-bellenge.com\u201d>reservation@herakles-transfers.com<\/a><\/li>\n<\/ul>\n<script>\nvar gform;gform||(document.addEventListener(\"gform_main_scripts_loaded\",function(){gform.scriptsLoaded=!0}),document.addEventListener(\"gform\/theme\/scripts_loaded\",function(){gform.themeScriptsLoaded=!0}),window.addEventListener(\"DOMContentLoaded\",function(){gform.domLoaded=!0}),gform={domLoaded:!1,scriptsLoaded:!1,themeScriptsLoaded:!1,isFormEditor:()=>\"function\"==typeof InitializeEditor,callIfLoaded:function(o){return!(!gform.domLoaded||!gform.scriptsLoaded||!gform.themeScriptsLoaded&&!gform.isFormEditor()||(gform.isFormEditor()&&console.warn(\"The use of gform.initializeOnLoaded() is deprecated in the form editor context and will be removed in Gravity Forms 3.1.\"),o(),0))},initializeOnLoaded:function(o){gform.callIfLoaded(o)||(document.addEventListener(\"gform_main_scripts_loaded\",()=>{gform.scriptsLoaded=!0,gform.callIfLoaded(o)}),document.addEventListener(\"gform\/theme\/scripts_loaded\",()=>{gform.themeScriptsLoaded=!0,gform.callIfLoaded(o)}),window.addEventListener(\"DOMContentLoaded\",()=>{gform.domLoaded=!0,gform.callIfLoaded(o)}))},hooks:{action:{},filter:{}},addAction:function(o,r,e,t){gform.addHook(\"action\",o,r,e,t)},addFilter:function(o,r,e,t){gform.addHook(\"filter\",o,r,e,t)},doAction:function(o){gform.doHook(\"action\",o,arguments)},applyFilters:function(o){return gform.doHook(\"filter\",o,arguments)},removeAction:function(o,r){gform.removeHook(\"action\",o,r)},removeFilter:function(o,r,e){gform.removeHook(\"filter\",o,r,e)},addHook:function(o,r,e,t,n){null==gform.hooks[o][r]&&(gform.hooks[o][r]=[]);var d=gform.hooks[o][r];null==n&&(n=r+\"_\"+d.length),gform.hooks[o][r].push({tag:n,callable:e,priority:t=null==t?10:t})},doHook:function(r,o,e){var t;if(e=Array.prototype.slice.call(e,1),null!=gform.hooks[r][o]&&((o=gform.hooks[r][o]).sort(function(o,r){return o.priority-r.priority}),o.forEach(function(o){\"function\"!=typeof(t=o.callable)&&(t=window[t]),\"action\"==r?t.apply(null,e):e[0]=t.apply(null,e)})),\"filter\"==r)return e[0]},removeHook:function(o,r,t,n){var e;null!=gform.hooks[o][r]&&(e=(e=gform.hooks[o][r]).filter(function(o,r,e){return!!(null!=n&&n!=o.tag||null!=t&&t!=o.priority)}),gform.hooks[o][r]=e)}});\n<\/script>\n\n                <div class='gf_browser_gecko gform_wrapper gravity-theme gform-theme--no-framework' data-form-theme='gravity-theme' data-form-index='0' id='gform_wrapper_1' style='display:none'><div id='gf_1' class='gform_anchor' tabindex='-1'><\/div>\n                        <div class='gform_heading'>\n                            <h2 class=\"gform_title\">Envie-nos uma mensagem<\/h2>\n                        <\/div><form method='post' enctype='multipart\/form-data' target='gform_ajax_frame_1' id='gform_1'  action='\/pt-br\/wp-json\/wp\/v2\/pages\/437#gf_1' data-formid='1' novalidate>\n                        <div class='gform-body gform_body'><div id='gform_fields_1' class='gform_fields top_label form_sublabel_below description_below validation_below'><div id=\"field_1_3\" class=\"gfield gfield--type-text gfield--input-type-text gfield--width-half field_sublabel_below gfield--no-description field_description_below hidden_label field_validation_below gfield_visibility_visible\"  ><label class='gfield_label gform-field-label' for='input_1_3'>Primeiro nome<\/label><div class='ginput_container ginput_container_text'><input name='input_3' id='input_1_3' type='text' value='' class='large'    placeholder='Primeiro nome'  aria-invalid=\"false\"   \/><\/div><\/div><div id=\"field_1_5\" class=\"gfield gfield--type-text gfield--input-type-text gfield--width-half field_sublabel_below gfield--no-description field_description_below hidden_label field_validation_below gfield_visibility_visible\"  ><label class='gfield_label gform-field-label' for='input_1_5'>Nom<\/label><div class='ginput_container ginput_container_text'><input name='input_5' id='input_1_5' type='text' value='' class='large'    placeholder='Sobrenome'  aria-invalid=\"false\"   \/><\/div><\/div><div id=\"field_1_6\" class=\"gfield gfield--type-email gfield--input-type-email gfield--width-half field_sublabel_below gfield--no-description field_description_below hidden_label field_validation_below gfield_visibility_visible\"  ><label class='gfield_label gform-field-label' for='input_1_6'>Endere\u00e7o de e-mail<\/label><div class='ginput_container ginput_container_email'>\n                            <input name='input_6' id='input_1_6' type='email' value='' class='large'   placeholder='Endere\u00e7o de e-mail'  aria-invalid=\"false\"  \/>\n                        <\/div><\/div><div id=\"field_1_7\" class=\"gfield gfield--type-text gfield--input-type-text gfield--width-half field_sublabel_below gfield--no-description field_description_below hidden_label field_validation_below gfield_visibility_visible\"  ><label class='gfield_label gform-field-label' for='input_1_7'>Sans titre<\/label><div class='ginput_container ginput_container_text'><input name='input_7' id='input_1_7' type='text' value='' class='large'    placeholder='Telefone para contato'  aria-invalid=\"false\"   \/><\/div><\/div><div id=\"field_1_8\" class=\"gfield gfield--type-select gfield--input-type-select gfield--width-half field_sublabel_below gfield--no-description field_description_below field_validation_below gfield_visibility_visible\"  ><label class='gfield_label gform-field-label' for='input_1_8'>Motivo de sua mensagem<\/label><div class='ginput_container ginput_container_select'><select name='input_8' id='input_1_8' class='large gfield_select'     aria-invalid=\"false\" ><option value='Uma pergunta' >Uma pergunta<\/option><option value='Cancelamento de uma reserva' >Cancelamento de uma reserva<\/option><option value='Altera\u00e7\u00e3o de uma reserva' >Altera\u00e7\u00e3o de uma reserva<\/option><\/select><\/div><\/div><div id=\"field_1_10\" class=\"gfield gfield--type-text gfield--input-type-text gfield--width-half field_sublabel_below gfield--no-description field_description_below field_validation_below gfield_visibility_visible\"  ><label class='gfield_label gform-field-label' for='input_1_10'>Refer\u00eancia de sua reserva<\/label><div class='ginput_container ginput_container_text'><input name='input_10' id='input_1_10' type='text' value='' class='large'      aria-invalid=\"false\"   \/><\/div><\/div><div id=\"field_1_11\" class=\"gfield gfield--type-html gfield--input-type-html gfield--width-full gfield_html gfield_html_formatted gfield_no_follows_desc field_sublabel_below gfield--no-description field_description_below field_validation_below gfield_visibility_visible\"  ><strong>Informa\u00e7\u00f5es sobre o cancelamento de reservas<\/strong><br> Voc\u00ea pode cancelar sua reserva at\u00e9 24 horas antes do hor\u00e1rio de partida programado.<br> Para informa\u00e7\u00f5es: <br> - o cancelamento at\u00e9 48 horas antes da partida incorrer\u00e1 em uma taxa administrativa de \u20ac 25<br> - o cancelamento entre 48 horas e 24 horas antes da partida incorrer\u00e1 no pagamento de 50% do pre\u00e7o <br> - o cancelamento com menos de 24 horas antes da partida n\u00e3o dar\u00e1 direito a nenhum reembolso.<br><\/div><div id=\"field_1_12\" class=\"gfield gfield--type-html gfield--input-type-html gfield--width-full gfield_html gfield_html_formatted gfield_no_follows_desc field_sublabel_below gfield--no-description field_description_below field_validation_below gfield_visibility_visible\"  ><strong>Informa\u00e7\u00f5es para alterar uma reserva<\/strong><br> Qualquer altera\u00e7\u00e3o em sua reserva provavelmente afetar\u00e1 o pre\u00e7o da mesma.<\/div><div id=\"field_1_9\" class=\"gfield gfield--type-textarea gfield--input-type-textarea gfield--width-full field_sublabel_below gfield--no-description field_description_below field_validation_below gfield_visibility_visible\"  ><label class='gfield_label gform-field-label' for='input_1_9'>Sua mensagem<\/label><div class='ginput_container ginput_container_textarea'><textarea name='input_9' id='input_1_9' class='textarea large'      aria-invalid=\"false\"   rows='10' cols='50'><\/textarea><\/div><\/div><div id=\"field_1_13\" class=\"gfield gfield--type-html gfield--input-type-html gfield--width-full gfield_html gfield_html_formatted gfield_no_follows_desc field_sublabel_below gfield--no-description field_description_below field_validation_below gfield_visibility_visible\"  >Os dados coletados s\u00e3o usados pela Herakles Transfers para processar sua solicita\u00e7\u00e3o e gerenciar nossas rela\u00e7\u00f5es comerciais. Voc\u00ea tem o direito de acesso, retifica\u00e7\u00e3o, exclus\u00e3o e portabilidade das informa\u00e7\u00f5es que lhe dizem respeito, bem como o direito de oposi\u00e7\u00e3o e limita\u00e7\u00e3o do processamento, que pode ser exercido entrando em contato conosco. Para saber mais, consulte nossa Pol\u00edtica de Privacidade.<\/div><\/div><\/div>\n        <div class='gform-footer gform_footer top_label'> <input type='submit' id='gform_submit_button_1' class='gform_button button' onclick='gform.submission.handleButtonClick(this);' data-submission-type='submit' value='Enviar'  \/> <input type='hidden' name='gform_ajax' value='form_id=1&amp;title=1&amp;description=&amp;tabindex=0&amp;theme=gravity-theme&amp;styles=[]&amp;hash=a17f3c29411c605edeead3693bb531d6' \/>\n            <input type='hidden' class='gform_hidden' name='gform_submission_method' data-js='gform_submission_method_1' value='iframe' \/>\n            <input type='hidden' class='gform_hidden' name='gform_theme' data-js='gform_theme_1' id='gform_theme_1' value='gravity-theme' \/>\n            <input type='hidden' class='gform_hidden' name='gform_style_settings' data-js='gform_style_settings_1' id='gform_style_settings_1' value='[]' \/>\n            <input type='hidden' class='gform_hidden' name='is_submit_1' value='1' \/>\n            <input type='hidden' class='gform_hidden' name='gform_submit' value='1' \/>\n            \n            <input type='hidden' class='gform_hidden' name='gform_unique_id' value='' \/>\n            <input type='hidden' class='gform_hidden' name='state_1' value='WyJ7XCI4XCI6W1wiNzQ1OGI0ODcyMmY3ODA3ZDQ2NTU4MjQ2MTYyOTliNmFcIixcIjE2YTcyOWRmYWNjNWM3OGE1NDdhZWMyZmVkMTAxOTBhXCIsXCIyMTQ1YmNkNWZiYWZmNzE5YTBkMGQ1NGVjZjQyNjM2NlwiXX0iLCJiOWM2ZjQzMzBjNTE3OGNlZWMyZDMwYzdmYmQ3OGU5MSJd' \/>\n            <input type='hidden' autocomplete='off' class='gform_hidden' name='gform_target_page_number_1' id='gform_target_page_number_1' value='0' \/>\n            <input type='hidden' autocomplete='off' class='gform_hidden' name='gform_source_page_number_1' id='gform_source_page_number_1' value='1' \/>\n            <input type='hidden' name='gform_field_values' value='' \/>\n            \n        <\/div>\n                        <\/form>\n                        <\/div>\n\t\t                <iframe style='display:none;width:0px;height:0px;' src='about:blank' name='gform_ajax_frame_1' id='gform_ajax_frame_1' title='Este iframe cont\u00e9m a l\u00f3gica necess\u00e1ria para manusear os formul\u00e1rios Gravity Forms movidos a AJAX.'><\/iframe>\n\t\t                <script>\ngform.initializeOnLoaded( function() {gformInitSpinner( 1, 'https:\/\/frontend.herakles-transfers.com\/wp-content\/plugins\/gravityforms\/images\/spinner.svg', true );jQuery('#gform_ajax_frame_1').on('load',function(){var contents = jQuery(this).contents().find('*').html();var is_postback = contents.indexOf('GF_AJAX_POSTBACK') >= 0;if(!is_postback){return;}var form_content = jQuery(this).contents().find('#gform_wrapper_1');var is_confirmation = jQuery(this).contents().find('#gform_confirmation_wrapper_1').length > 0;var is_redirect = contents.indexOf('gformRedirect(){') >= 0;var is_form = form_content.length > 0 && ! is_redirect && ! is_confirmation;var mt = parseInt(jQuery('html').css('margin-top'), 10) + parseInt(jQuery('body').css('margin-top'), 10) + 100;if(is_form){form_content.find('form').css('opacity', 0);jQuery('#gform_wrapper_1').html(form_content.html());if(form_content.hasClass('gform_validation_error')){jQuery('#gform_wrapper_1').addClass('gform_validation_error');} else {jQuery('#gform_wrapper_1').removeClass('gform_validation_error');}setTimeout( function() { \/* delay the scroll by 50 milliseconds to fix a bug in chrome *\/ jQuery(document).scrollTop(jQuery('#gform_wrapper_1').offset().top - mt); }, 50 );if(window['gformInitDatepicker']) {gformInitDatepicker();}if(window['gformInitPriceFields']) {gformInitPriceFields();}var current_page = jQuery('#gform_source_page_number_1').val();gformInitSpinner( 1, 'https:\/\/frontend.herakles-transfers.com\/wp-content\/plugins\/gravityforms\/images\/spinner.svg', true );jQuery(document).trigger('gform_page_loaded', [1, current_page]);window['gf_submitting_1'] = false;}else if(!is_redirect){var confirmation_content = jQuery(this).contents().find('.GF_AJAX_POSTBACK').html();if(!confirmation_content){confirmation_content = contents;}jQuery('#gform_wrapper_1').replaceWith(confirmation_content);jQuery(document).scrollTop(jQuery('#gf_1').offset().top - mt);jQuery(document).trigger('gform_confirmation_loaded', [1]);window['gf_submitting_1'] = false;wp.a11y.speak(jQuery('#gform_confirmation_message_1').text());}else{jQuery('#gform_1').append(contents);if(window['gformRedirect']) {gformRedirect();}}jQuery(document).trigger(\"gform_pre_post_render\", [{ formId: \"1\", currentPage: \"current_page\", abort: function() { this.preventDefault(); } }]);        if (event && event.defaultPrevented) {                return;        }        const gformWrapperDiv = document.getElementById( \"gform_wrapper_1\" );        if ( gformWrapperDiv ) {            const visibilitySpan = document.createElement( \"span\" );            visibilitySpan.id = \"gform_visibility_test_1\";            gformWrapperDiv.insertAdjacentElement( \"afterend\", visibilitySpan );        }        const visibilityTestDiv = document.getElementById( \"gform_visibility_test_1\" );        let postRenderFired = false;        function triggerPostRender() {            if ( postRenderFired ) {                return;            }            postRenderFired = true;            gform.core.triggerPostRenderEvents( 1, current_page );            if ( visibilityTestDiv ) {                visibilityTestDiv.parentNode.removeChild( visibilityTestDiv );            }        }        function debounce( func, wait, immediate ) {            var timeout;            return function() {                var context = this, args = arguments;                var later = function() {                    timeout = null;                    if ( !immediate ) func.apply( context, args );                };                var callNow = immediate && !timeout;                clearTimeout( timeout );                timeout = setTimeout( later, wait );                if ( callNow ) func.apply( context, args );            };        }        const debouncedTriggerPostRender = debounce( function() {            triggerPostRender();        }, 200 );        if ( visibilityTestDiv && visibilityTestDiv.offsetParent === null ) {            const observer = new MutationObserver( ( mutations ) => {                mutations.forEach( ( mutation ) => {                    if ( mutation.type === 'attributes' && visibilityTestDiv.offsetParent !== null ) {                        debouncedTriggerPostRender();                        observer.disconnect();                    }                });            });            observer.observe( document.body, {                attributes: true,                childList: false,                subtree: true,                attributeFilter: [ 'style', 'class' ],            });        } else {            triggerPostRender();        }    } );} );\n<\/script>\n\n","protected":false},"excerpt":{"rendered":"<p>Entre em contato conosco Voc\u00ea pode entrar em contato conosco diretamente: +33 (0)6 86 94 12 13 (WhatsApp &#038; tel.) reservation@herakles-transfers.com<\/p>\n","protected":false},"author":1,"featured_media":0,"parent":0,"menu_order":0,"comment_status":"closed","ping_status":"closed","template":"","meta":{"footnotes":""},"class_list":["post-437","page","type-page","status-publish","hentry"],"yoast_head":"<!-- This site is optimized with the Yoast SEO plugin v24.9 - https:\/\/yoast.com\/wordpress\/plugins\/seo\/ -->\n<title>Contate-nos - Herakles Transfers<\/title>\n<meta name=\"robots\" content=\"index, follow, max-snippet:-1, max-image-preview:large, max-video-preview:-1\" \/>\n<link rel=\"canonical\" href=\"https:\/\/frontend.herakles-transfers.com\/pt-br\/contate-nos\/\" \/>\n<meta property=\"og:locale\" content=\"pt_BR\" \/>\n<meta property=\"og:type\" content=\"article\" \/>\n<meta property=\"og:title\" content=\"Contate-nos - Herakles Transfers\" \/>\n<meta property=\"og:description\" content=\"Entre em contato conosco Voc\u00ea pode entrar em contato conosco diretamente: +33 (0)6 86 94 12 13 (WhatsApp &#038; tel.) reservation@herakles-transfers.com\" \/>\n<meta property=\"og:url\" content=\"https:\/\/frontend.herakles-transfers.com\/pt-br\/contate-nos\/\" \/>\n<meta property=\"og:site_name\" content=\"Herakles Transfers\" \/>\n<meta property=\"article:modified_time\" content=\"2024-10-01T09:24:04+00:00\" \/>\n<meta name=\"twitter:card\" content=\"summary_large_image\" \/>\n<meta name=\"twitter:label1\" content=\"Est. tempo de leitura\" \/>\n\t<meta name=\"twitter:data1\" content=\"1 minuto\" \/>\n<script type=\"application\/ld+json\" class=\"yoast-schema-graph\">{\"@context\":\"https:\/\/schema.org\",\"@graph\":[{\"@type\":\"WebPage\",\"@id\":\"https:\/\/frontend.herakles-transfers.com\/pt-br\/contate-nos\/\",\"url\":\"https:\/\/frontend.herakles-transfers.com\/pt-br\/contate-nos\/\",\"name\":\"Contate-nos - Herakles Transfers\",\"isPartOf\":{\"@id\":\"https:\/\/frontend.herakles-transfers.com\/#website\"},\"datePublished\":\"2023-06-26T08:16:30+00:00\",\"dateModified\":\"2024-10-01T09:24:04+00:00\",\"breadcrumb\":{\"@id\":\"https:\/\/frontend.herakles-transfers.com\/pt-br\/contate-nos\/#breadcrumb\"},\"inLanguage\":\"pt-BR\",\"potentialAction\":[{\"@type\":\"ReadAction\",\"target\":[\"https:\/\/frontend.herakles-transfers.com\/pt-br\/contate-nos\/\"]}]},{\"@type\":\"BreadcrumbList\",\"@id\":\"https:\/\/frontend.herakles-transfers.com\/pt-br\/contate-nos\/#breadcrumb\",\"itemListElement\":[{\"@type\":\"ListItem\",\"position\":1,\"name\":\"Accueil\",\"item\":\"https:\/\/frontend.herakles-transfers.com\/pt-br\/\"},{\"@type\":\"ListItem\",\"position\":2,\"name\":\"Contate-nos\"}]},{\"@type\":\"WebSite\",\"@id\":\"https:\/\/frontend.herakles-transfers.com\/#website\",\"url\":\"https:\/\/frontend.herakles-transfers.com\/\",\"name\":\"Herakles Transfers\",\"description\":\"\",\"publisher\":{\"@id\":\"https:\/\/frontend.herakles-transfers.com\/#organization\"},\"potentialAction\":[{\"@type\":\"SearchAction\",\"target\":{\"@type\":\"EntryPoint\",\"urlTemplate\":\"https:\/\/frontend.herakles-transfers.com\/?s={search_term_string}\"},\"query-input\":{\"@type\":\"PropertyValueSpecification\",\"valueRequired\":true,\"valueName\":\"search_term_string\"}}],\"inLanguage\":\"pt-BR\"},{\"@type\":\"Organization\",\"@id\":\"https:\/\/frontend.herakles-transfers.com\/#organization\",\"name\":\"Herakles Transfers\",\"url\":\"https:\/\/frontend.herakles-transfers.com\/\",\"logo\":{\"@type\":\"ImageObject\",\"inLanguage\":\"pt-BR\",\"@id\":\"https:\/\/frontend.herakles-transfers.com\/#\/schema\/logo\/image\/\",\"url\":\"https:\/\/frontend.herakles-transfers.com\/wp-content\/uploads\/2023\/10\/Logo-herakles.webp\",\"contentUrl\":\"https:\/\/frontend.herakles-transfers.com\/wp-content\/uploads\/2023\/10\/Logo-herakles.webp\",\"width\":450,\"height\":104,\"caption\":\"Herakles Transfers\"},\"image\":{\"@id\":\"https:\/\/frontend.herakles-transfers.com\/#\/schema\/logo\/image\/\"}}]}<\/script>\n<!-- \/ Yoast SEO plugin. -->","yoast_head_json":{"title":"Contate-nos - Herakles Transfers","robots":{"index":"index","follow":"follow","max-snippet":"max-snippet:-1","max-image-preview":"max-image-preview:large","max-video-preview":"max-video-preview:-1"},"canonical":"https:\/\/frontend.herakles-transfers.com\/pt-br\/contate-nos\/","og_locale":"pt_BR","og_type":"article","og_title":"Contate-nos - Herakles Transfers","og_description":"Entre em contato conosco Voc\u00ea pode entrar em contato conosco diretamente: +33 (0)6 86 94 12 13 (WhatsApp &#038; tel.) reservation@herakles-transfers.com","og_url":"https:\/\/frontend.herakles-transfers.com\/pt-br\/contate-nos\/","og_site_name":"Herakles Transfers","article_modified_time":"2024-10-01T09:24:04+00:00","twitter_card":"summary_large_image","twitter_misc":{"Est. tempo de leitura":"1 minuto"},"schema":{"@context":"https:\/\/schema.org","@graph":[{"@type":"WebPage","@id":"https:\/\/frontend.herakles-transfers.com\/pt-br\/contate-nos\/","url":"https:\/\/frontend.herakles-transfers.com\/pt-br\/contate-nos\/","name":"Contate-nos - Herakles Transfers","isPartOf":{"@id":"https:\/\/frontend.herakles-transfers.com\/#website"},"datePublished":"2023-06-26T08:16:30+00:00","dateModified":"2024-10-01T09:24:04+00:00","breadcrumb":{"@id":"https:\/\/frontend.herakles-transfers.com\/pt-br\/contate-nos\/#breadcrumb"},"inLanguage":"pt-BR","potentialAction":[{"@type":"ReadAction","target":["https:\/\/frontend.herakles-transfers.com\/pt-br\/contate-nos\/"]}]},{"@type":"BreadcrumbList","@id":"https:\/\/frontend.herakles-transfers.com\/pt-br\/contate-nos\/#breadcrumb","itemListElement":[{"@type":"ListItem","position":1,"name":"Accueil","item":"https:\/\/frontend.herakles-transfers.com\/pt-br\/"},{"@type":"ListItem","position":2,"name":"Contate-nos"}]},{"@type":"WebSite","@id":"https:\/\/frontend.herakles-transfers.com\/#website","url":"https:\/\/frontend.herakles-transfers.com\/","name":"Herakles Transfers","description":"","publisher":{"@id":"https:\/\/frontend.herakles-transfers.com\/#organization"},"potentialAction":[{"@type":"SearchAction","target":{"@type":"EntryPoint","urlTemplate":"https:\/\/frontend.herakles-transfers.com\/?s={search_term_string}"},"query-input":{"@type":"PropertyValueSpecification","valueRequired":true,"valueName":"search_term_string"}}],"inLanguage":"pt-BR"},{"@type":"Organization","@id":"https:\/\/frontend.herakles-transfers.com\/#organization","name":"Herakles Transfers","url":"https:\/\/frontend.herakles-transfers.com\/","logo":{"@type":"ImageObject","inLanguage":"pt-BR","@id":"https:\/\/frontend.herakles-transfers.com\/#\/schema\/logo\/image\/","url":"https:\/\/frontend.herakles-transfers.com\/wp-content\/uploads\/2023\/10\/Logo-herakles.webp","contentUrl":"https:\/\/frontend.herakles-transfers.com\/wp-content\/uploads\/2023\/10\/Logo-herakles.webp","width":450,"height":104,"caption":"Herakles Transfers"},"image":{"@id":"https:\/\/frontend.herakles-transfers.com\/#\/schema\/logo\/image\/"}}]}},"_links":{"self":[{"href":"https:\/\/frontend.herakles-transfers.com\/pt-br\/wp-json\/wp\/v2\/pages\/437","targetHints":{"allow":["GET"]}}],"collection":[{"href":"https:\/\/frontend.herakles-transfers.com\/pt-br\/wp-json\/wp\/v2\/pages"}],"about":[{"href":"https:\/\/frontend.herakles-transfers.com\/pt-br\/wp-json\/wp\/v2\/types\/page"}],"author":[{"embeddable":true,"href":"https:\/\/frontend.herakles-transfers.com\/pt-br\/wp-json\/wp\/v2\/users\/1"}],"replies":[{"embeddable":true,"href":"https:\/\/frontend.herakles-transfers.com\/pt-br\/wp-json\/wp\/v2\/comments?post=437"}],"version-history":[{"count":5,"href":"https:\/\/frontend.herakles-transfers.com\/pt-br\/wp-json\/wp\/v2\/pages\/437\/revisions"}],"predecessor-version":[{"id":671,"href":"https:\/\/frontend.herakles-transfers.com\/pt-br\/wp-json\/wp\/v2\/pages\/437\/revisions\/671"}],"wp:attachment":[{"href":"https:\/\/frontend.herakles-transfers.com\/pt-br\/wp-json\/wp\/v2\/media?parent=437"}],"curies":[{"name":"wp","href":"https:\/\/api.w.org\/{rel}","templated":true}]}}