{"id":439,"date":"2023-06-26T10:21:08","date_gmt":"2023-06-26T08:21:08","guid":{"rendered":"https:\/\/transport-bellenge.devbeta.me\/nossos-parceiros\/"},"modified":"2024-09-24T11:25:04","modified_gmt":"2024-09-24T09:25:04","slug":"nossos-parceiros","status":"publish","type":"page","link":"https:\/\/frontend.herakles-transfers.com\/pt-br\/nossos-parceiros\/","title":{"rendered":"Nossos parceiros"},"content":{"rendered":"<h2>Nossos parceiros de confian\u00e7a<\/h2>\n<p>Na Herakles Transfers, temos a honra de trabalhar com parceiros de confian\u00e7a que contribuem para a nossa reputa\u00e7\u00e3o de excel\u00eancia em transfer\u00eancias de qualidade.<\/p>\n<p>Essas parcerias estrat\u00e9gicas nos permitem oferecer servi\u00e7os excepcionais e personalizados aos nossos clientes, e temos orgulho de trabalhar lado a lado com empresas e organiza\u00e7\u00f5es renomadas.<\/p>\n<h2>Parceiros dos clientes<\/h2>\n<p>Temos o privil\u00e9gio de contar com empresas nacionais e internacionais, ag\u00eancias de viagens, hot\u00e9is de prest\u00edgio e organiza\u00e7\u00f5es de eventos entre nossos parceiros.<\/p>\n<p>Cada um de nossos clientes parceiros se beneficia de um servi\u00e7o sob medida, adaptado \u00e0s suas necessidades espec\u00edficas.<\/p>\n<p>Temos o compromisso de garantir transfer\u00eancias tranquilas e impec\u00e1veis para seus clientes, ajudando a criar experi\u00eancias de viagem memor\u00e1veis.<\/p>\n<h2>Parceiros de transporte de passageiros<\/h2>\n<p>Nossa rede nacional e internacional de parceiros de transporte de passageiros e VTC \u00e9 cuidadosamente selecionada para garantir altos padr\u00f5es de profissionalismo e confiabilidade.<\/p>\n<p>Seja para eventos corporativos, congressos ou traslados para destinos exclusivos, nossos parceiros de transporte de passageiros compartilham nosso compromisso com a qualidade do servi\u00e7o. Juntos, garantimos que cada viagem seja uma experi\u00eancia extraordin\u00e1ria para nossos clientes.<\/p>\n<h2>Colabora\u00e7\u00f5es locais e internacionais<\/h2>\n<p>A Herakles Transfers est\u00e1 enraizada na comunidade local, trabalhando em estreita colabora\u00e7\u00e3o com parceiros locais, desde conselhos de turismo at\u00e9 empresas regionais. Essa conex\u00e3o com a comunidade refor\u00e7a nosso compromisso com o desenvolvimento sustent\u00e1vel e o crescimento econ\u00f4mico local. Tamb\u00e9m ampliamos nossos horizontes ao estabelecer colabora\u00e7\u00f5es internacionais, permitindo que nossos clientes se beneficiem de transfers de qualidade em qualquer lugar do mundo.<\/p>\n<p>Em Savoie e Haute Savoie, Annecy, Chamb\u00e9ry, Albertville, Aix-les-Bains, Thonon-les-Bains, Bourg-Saint-Maurice, Lyon, Bordeaux, Nantes, Strasbourg, Biarritz, Toulouse, Montpellier e Caen.<br \/>\nE tamb\u00e9m internacionalmente: Genebra, Zurique, Barcelona, etc.<\/p>\n<h2>Agradecimentos especiais aos nossos parceiros<\/h2>\n<p>Gostar\u00edamos de expressar nossa gratid\u00e3o a todos os nossos parceiros que depositam sua confian\u00e7a na Herakles Transfers. Cada colabora\u00e7\u00e3o refor\u00e7a nosso compromisso com a excel\u00eancia, a satisfa\u00e7\u00e3o do cliente e o estabelecimento de novos padr\u00f5es no setor de transfers de luxo.<\/p>\n<p>Para discutir poss\u00edveis parcerias ou se tiver alguma d\u00favida, n\u00e3o hesite em entrar em contato conosco <a href=\"mailto:direction@herakles-transfers.com?subject= Question about a partnership with Herakles Transfers\">clicando aqui para nos enviar um e-mail<\/a>.<\/p>\n<p>Agradecemos a todos os nossos parceiros por sua confian\u00e7a cont\u00ednua. Juntos, criamos experi\u00eancias de viagem excepcionais.<\/p>\n","protected":false},"excerpt":{"rendered":"<p>Nossos parceiros de confian\u00e7a Na Herakles Transfers, temos a honra de trabalhar com parceiros de confian\u00e7a que contribuem para a nossa reputa\u00e7\u00e3o de excel\u00eancia em transfer\u00eancias de qualidade. Essas parcerias estrat\u00e9gicas nos permitem oferecer servi\u00e7os excepcionais e personalizados aos nossos clientes, e temos orgulho de trabalhar lado a lado com empresas e organiza\u00e7\u00f5es renomadas. Parceiros [&hellip;]<\/p>\n","protected":false},"author":1,"featured_media":0,"parent":0,"menu_order":0,"comment_status":"closed","ping_status":"closed","template":"","meta":{"footnotes":""},"class_list":["post-439","page","type-page","status-publish","hentry"],"yoast_head":"<!-- This site is optimized with the Yoast SEO plugin v24.9 - https:\/\/yoast.com\/wordpress\/plugins\/seo\/ -->\n<title>Nossos parceiros - Herakles Transfers<\/title>\n<meta name=\"robots\" content=\"index, follow, max-snippet:-1, max-image-preview:large, max-video-preview:-1\" \/>\n<link rel=\"canonical\" href=\"https:\/\/frontend.herakles-transfers.com\/pt-br\/nossos-parceiros\/\" \/>\n<meta property=\"og:locale\" content=\"pt_BR\" \/>\n<meta property=\"og:type\" content=\"article\" \/>\n<meta property=\"og:title\" content=\"Nossos parceiros - Herakles Transfers\" \/>\n<meta property=\"og:description\" content=\"Nossos parceiros de confian\u00e7a Na Herakles Transfers, temos a honra de trabalhar com parceiros de confian\u00e7a que contribuem para a nossa reputa\u00e7\u00e3o de excel\u00eancia em transfer\u00eancias de qualidade. Essas parcerias estrat\u00e9gicas nos permitem oferecer servi\u00e7os excepcionais e personalizados aos nossos clientes, e temos orgulho de trabalhar lado a lado com empresas e organiza\u00e7\u00f5es renomadas. Parceiros [&hellip;]\" \/>\n<meta property=\"og:url\" content=\"https:\/\/frontend.herakles-transfers.com\/pt-br\/nossos-parceiros\/\" \/>\n<meta property=\"og:site_name\" content=\"Herakles Transfers\" \/>\n<meta property=\"article:modified_time\" content=\"2024-09-24T09:25:04+00:00\" \/>\n<meta name=\"twitter:card\" content=\"summary_large_image\" \/>\n<meta name=\"twitter:label1\" content=\"Est. tempo de leitura\" \/>\n\t<meta name=\"twitter:data1\" content=\"2 minutos\" \/>\n<script type=\"application\/ld+json\" class=\"yoast-schema-graph\">{\"@context\":\"https:\/\/schema.org\",\"@graph\":[{\"@type\":\"WebPage\",\"@id\":\"https:\/\/frontend.herakles-transfers.com\/pt-br\/nossos-parceiros\/\",\"url\":\"https:\/\/frontend.herakles-transfers.com\/pt-br\/nossos-parceiros\/\",\"name\":\"Nossos parceiros - Herakles Transfers\",\"isPartOf\":{\"@id\":\"https:\/\/frontend.herakles-transfers.com\/#website\"},\"datePublished\":\"2023-06-26T08:21:08+00:00\",\"dateModified\":\"2024-09-24T09:25:04+00:00\",\"breadcrumb\":{\"@id\":\"https:\/\/frontend.herakles-transfers.com\/pt-br\/nossos-parceiros\/#breadcrumb\"},\"inLanguage\":\"pt-BR\",\"potentialAction\":[{\"@type\":\"ReadAction\",\"target\":[\"https:\/\/frontend.herakles-transfers.com\/pt-br\/nossos-parceiros\/\"]}]},{\"@type\":\"BreadcrumbList\",\"@id\":\"https:\/\/frontend.herakles-transfers.com\/pt-br\/nossos-parceiros\/#breadcrumb\",\"itemListElement\":[{\"@type\":\"ListItem\",\"position\":1,\"name\":\"Accueil\",\"item\":\"https:\/\/frontend.herakles-transfers.com\/pt-br\/\"},{\"@type\":\"ListItem\",\"position\":2,\"name\":\"Nossos parceiros\"}]},{\"@type\":\"WebSite\",\"@id\":\"https:\/\/frontend.herakles-transfers.com\/#website\",\"url\":\"https:\/\/frontend.herakles-transfers.com\/\",\"name\":\"Herakles Transfers\",\"description\":\"\",\"publisher\":{\"@id\":\"https:\/\/frontend.herakles-transfers.com\/#organization\"},\"potentialAction\":[{\"@type\":\"SearchAction\",\"target\":{\"@type\":\"EntryPoint\",\"urlTemplate\":\"https:\/\/frontend.herakles-transfers.com\/?s={search_term_string}\"},\"query-input\":{\"@type\":\"PropertyValueSpecification\",\"valueRequired\":true,\"valueName\":\"search_term_string\"}}],\"inLanguage\":\"pt-BR\"},{\"@type\":\"Organization\",\"@id\":\"https:\/\/frontend.herakles-transfers.com\/#organization\",\"name\":\"Herakles Transfers\",\"url\":\"https:\/\/frontend.herakles-transfers.com\/\",\"logo\":{\"@type\":\"ImageObject\",\"inLanguage\":\"pt-BR\",\"@id\":\"https:\/\/frontend.herakles-transfers.com\/#\/schema\/logo\/image\/\",\"url\":\"https:\/\/frontend.herakles-transfers.com\/wp-content\/uploads\/2023\/10\/Logo-herakles.webp\",\"contentUrl\":\"https:\/\/frontend.herakles-transfers.com\/wp-content\/uploads\/2023\/10\/Logo-herakles.webp\",\"width\":450,\"height\":104,\"caption\":\"Herakles Transfers\"},\"image\":{\"@id\":\"https:\/\/frontend.herakles-transfers.com\/#\/schema\/logo\/image\/\"}}]}<\/script>\n<!-- \/ Yoast SEO plugin. -->","yoast_head_json":{"title":"Nossos parceiros - Herakles Transfers","robots":{"index":"index","follow":"follow","max-snippet":"max-snippet:-1","max-image-preview":"max-image-preview:large","max-video-preview":"max-video-preview:-1"},"canonical":"https:\/\/frontend.herakles-transfers.com\/pt-br\/nossos-parceiros\/","og_locale":"pt_BR","og_type":"article","og_title":"Nossos parceiros - Herakles Transfers","og_description":"Nossos parceiros de confian\u00e7a Na Herakles Transfers, temos a honra de trabalhar com parceiros de confian\u00e7a que contribuem para a nossa reputa\u00e7\u00e3o de excel\u00eancia em transfer\u00eancias de qualidade. Essas parcerias estrat\u00e9gicas nos permitem oferecer servi\u00e7os excepcionais e personalizados aos nossos clientes, e temos orgulho de trabalhar lado a lado com empresas e organiza\u00e7\u00f5es renomadas. Parceiros [&hellip;]","og_url":"https:\/\/frontend.herakles-transfers.com\/pt-br\/nossos-parceiros\/","og_site_name":"Herakles Transfers","article_modified_time":"2024-09-24T09:25:04+00:00","twitter_card":"summary_large_image","twitter_misc":{"Est. tempo de leitura":"2 minutos"},"schema":{"@context":"https:\/\/schema.org","@graph":[{"@type":"WebPage","@id":"https:\/\/frontend.herakles-transfers.com\/pt-br\/nossos-parceiros\/","url":"https:\/\/frontend.herakles-transfers.com\/pt-br\/nossos-parceiros\/","name":"Nossos parceiros - Herakles Transfers","isPartOf":{"@id":"https:\/\/frontend.herakles-transfers.com\/#website"},"datePublished":"2023-06-26T08:21:08+00:00","dateModified":"2024-09-24T09:25:04+00:00","breadcrumb":{"@id":"https:\/\/frontend.herakles-transfers.com\/pt-br\/nossos-parceiros\/#breadcrumb"},"inLanguage":"pt-BR","potentialAction":[{"@type":"ReadAction","target":["https:\/\/frontend.herakles-transfers.com\/pt-br\/nossos-parceiros\/"]}]},{"@type":"BreadcrumbList","@id":"https:\/\/frontend.herakles-transfers.com\/pt-br\/nossos-parceiros\/#breadcrumb","itemListElement":[{"@type":"ListItem","position":1,"name":"Accueil","item":"https:\/\/frontend.herakles-transfers.com\/pt-br\/"},{"@type":"ListItem","position":2,"name":"Nossos parceiros"}]},{"@type":"WebSite","@id":"https:\/\/frontend.herakles-transfers.com\/#website","url":"https:\/\/frontend.herakles-transfers.com\/","name":"Herakles Transfers","description":"","publisher":{"@id":"https:\/\/frontend.herakles-transfers.com\/#organization"},"potentialAction":[{"@type":"SearchAction","target":{"@type":"EntryPoint","urlTemplate":"https:\/\/frontend.herakles-transfers.com\/?s={search_term_string}"},"query-input":{"@type":"PropertyValueSpecification","valueRequired":true,"valueName":"search_term_string"}}],"inLanguage":"pt-BR"},{"@type":"Organization","@id":"https:\/\/frontend.herakles-transfers.com\/#organization","name":"Herakles Transfers","url":"https:\/\/frontend.herakles-transfers.com\/","logo":{"@type":"ImageObject","inLanguage":"pt-BR","@id":"https:\/\/frontend.herakles-transfers.com\/#\/schema\/logo\/image\/","url":"https:\/\/frontend.herakles-transfers.com\/wp-content\/uploads\/2023\/10\/Logo-herakles.webp","contentUrl":"https:\/\/frontend.herakles-transfers.com\/wp-content\/uploads\/2023\/10\/Logo-herakles.webp","width":450,"height":104,"caption":"Herakles Transfers"},"image":{"@id":"https:\/\/frontend.herakles-transfers.com\/#\/schema\/logo\/image\/"}}]}},"_links":{"self":[{"href":"https:\/\/frontend.herakles-transfers.com\/pt-br\/wp-json\/wp\/v2\/pages\/439","targetHints":{"allow":["GET"]}}],"collection":[{"href":"https:\/\/frontend.herakles-transfers.com\/pt-br\/wp-json\/wp\/v2\/pages"}],"about":[{"href":"https:\/\/frontend.herakles-transfers.com\/pt-br\/wp-json\/wp\/v2\/types\/page"}],"author":[{"embeddable":true,"href":"https:\/\/frontend.herakles-transfers.com\/pt-br\/wp-json\/wp\/v2\/users\/1"}],"replies":[{"embeddable":true,"href":"https:\/\/frontend.herakles-transfers.com\/pt-br\/wp-json\/wp\/v2\/comments?post=439"}],"version-history":[{"count":3,"href":"https:\/\/frontend.herakles-transfers.com\/pt-br\/wp-json\/wp\/v2\/pages\/439\/revisions"}],"predecessor-version":[{"id":559,"href":"https:\/\/frontend.herakles-transfers.com\/pt-br\/wp-json\/wp\/v2\/pages\/439\/revisions\/559"}],"wp:attachment":[{"href":"https:\/\/frontend.herakles-transfers.com\/pt-br\/wp-json\/wp\/v2\/media?parent=439"}],"curies":[{"name":"wp","href":"https:\/\/api.w.org\/{rel}","templated":true}]}}