{"id":440,"date":"2023-06-26T10:17:09","date_gmt":"2023-06-26T08:17:09","guid":{"rendered":"https:\/\/transport-bellenge.devbeta.me\/noticia-legal\/"},"modified":"2024-09-25T11:32:36","modified_gmt":"2024-09-25T09:32:36","slug":"noticia-legal","status":"publish","type":"page","link":"https:\/\/frontend.herakles-transfers.com\/pt-br\/noticia-legal\/","title":{"rendered":"Not\u00edcia legal"},"content":{"rendered":"<h1>Informa\u00e7\u00f5es legais<\/h1>\n<p>De acordo com o Artigo 6 da Lei n\u00ba 2004-575 de 21 de junho de 2004 sobre confian\u00e7a na economia digital, os usu\u00e1rios deste site s\u00e3o informados sobre a identidade das v\u00e1rias partes envolvidas em sua cria\u00e7\u00e3o e monitoramento:<\/p>\n<h2>Identifica\u00e7\u00e3o e publica\u00e7\u00e3o<\/h2>\n<p>O site <a href=\"https:\/\/www.herakles-transfers.com\/\">www.herakles-transfers.com<\/a> \u00e9 publicado por :<\/p>\n<p>Nome da empresa: HERAKLES WORLD WIDE LTD<br \/>\nSede registrada: E21, Palm Court (NHDC,Palma) 72440 QUATRE BORNES<\/p>\n<p>Diretor de publica\u00e7\u00e3o: M. BELLENGE DIDIER, Diretor da HERAKLES WORLD WIDE LTD, <a href=\"mailto:direction@herakles-transfers.com\">direction@herakles-transfers.com<\/a><\/p>\n<h2>Hospedagem<\/h2>\n<p>O provedor de servi\u00e7os que fornece armazenamento direto e permanente \u00e9 a :<\/p>\n<p>OVH<br \/>\nSAS com um capital de 10 000 000 RCS Roubaix Tourcoing 424 761 419 00045<br \/>\nC\u00f3digo APE: 6202A<br \/>\nN\u00daMERO DO IVA: FR 22 424 761 419<br \/>\n<strong>Sede registrada<\/strong>: 2 rue Kellermann 59100 Roubaix Fran\u00e7a.<\/p>\n<h2>Projeto<\/h2>\n<p>O prestador de servi\u00e7os respons\u00e1vel pelo design, cria\u00e7\u00e3o e produ\u00e7\u00e3o t\u00e9cnica \u00e9 a :<\/p>\n<p><strong>Agence Be<\/strong>, Ag\u00eancia de Comunica\u00e7\u00e3o Global<br \/>\n(marca registrada da El\u00e9mentaire)<br \/>\n17, rue de Rosheim<br \/>\n67000 STRASBOURG<br \/>\n<a href=\"https:\/\/www.agence-be.fr\/\">https:\/\/www.agence-be.fr\/<\/a><\/p>\n<h2>Limita\u00e7\u00e3o de responsabilidade<\/h2>\n<p>O usu\u00e1rio reconhece ter lido estas condi\u00e7\u00f5es de uso e se compromete a cumpri-las. Os usu\u00e1rios do site <a href=\"https:\/\/www.herakles-transfers.com\/\">www.herakles-transfers.com<\/a> reconhecem que possuem as habilidades e os recursos necess\u00e1rios para acessar e usar este site. O usu\u00e1rio do site <a href=\"https:\/\/www.herakles-transfers.com\/\">www.herakles-transfers.com<\/a> reconhece ter verificado que a configura\u00e7\u00e3o do computador utilizado n\u00e3o cont\u00e9m v\u00edrus e que est\u00e1 em perfeito estado de funcionamento.<\/p>\n<p>A HERAKLES envida todos os esfor\u00e7os para fornecer aos usu\u00e1rios informa\u00e7\u00f5es e\/ou ferramentas dispon\u00edveis e verificadas, mas n\u00e3o pode ser responsabilizada por erros, falta de disponibilidade de fun\u00e7\u00f5es e\/ou presen\u00e7a de v\u00edrus em seu site.<br \/>\nAs informa\u00e7\u00f5es fornecidas pela HERAKLES t\u00eam car\u00e1ter meramente informativo e n\u00e3o eximem o usu\u00e1rio de realizar uma an\u00e1lise complementar e personalizada. A HERAKLES n\u00e3o pode garantir a exatid\u00e3o, integridade ou atualidade das informa\u00e7\u00f5es publicadas em seu site. Consequentemente, o usu\u00e1rio reconhece que utiliza essas informa\u00e7\u00f5es sob sua exclusiva responsabilidade.<\/p>\n<p>A HERAKLES se reserva o direito de modificar o conte\u00fado dessas ofertas comerciais a qualquer momento.<\/p>\n<h2>Propriedade intelectual<\/h2>\n<p>Todos os elementos que aparecem no site da HERAKLES s\u00e3o protegidos pela lei francesa de direitos autorais e marcas registradas.<\/p>\n<p>A estrutura geral, bem como o software, textos, imagens (animadas ou n\u00e3o), know-how e todos os outros elementos que comp\u00f5em o site s\u00e3o de propriedade exclusiva da HERAKLES.<\/p>\n<p>Qualquer representa\u00e7\u00e3o total ou parcial deste site por qualquer pessoa sem a autoriza\u00e7\u00e3o expressa da HERAKLES \u00e9 proibida e constituiria uma infra\u00e7\u00e3o pun\u00edvel pelos artigos L. 335-2 e seguintes do C\u00f3digo de Propriedade Intelectual. O mesmo se aplica a quaisquer bancos de dados que apare\u00e7am no site, que s\u00e3o protegidos pelas disposi\u00e7\u00f5es da lei de 1\u00ba de julho de 1998 que transp\u00f5e para o C\u00f3digo de Propriedade Intelectual a diretiva de 11 de mar\u00e7o de 1996 relativa \u00e0 prote\u00e7\u00e3o legal de bancos de dados, e dos quais a HERAKLES \u00e9 a produtora.<\/p>\n<p>As marcas e logotipos da HERAKLES que aparecem no site s\u00e3o marcas registradas ou est\u00e3o em processo de registro no INPI.<br \/>\nQualquer reprodu\u00e7\u00e3o total ou parcial dessas marcas ou logotipos, feita a partir de elementos do site sem a autoriza\u00e7\u00e3o expressa da HERAKLES, \u00e9, portanto, proibida dentro do significado do C\u00f3digo de Propriedade Intelectual.<\/p>\n<h2>Links de hipertexto<\/h2>\n<p>A HERAKLES n\u00e3o pode ser responsabilizada pelos links de hipertexto presentes no site e que remetem a um site de terceiros na Internet.<\/p>\n<p>Como a HERAKLES n\u00e3o tem controle sobre o conte\u00fado de qualquer site de terceiros, o usu\u00e1rio os acessa sob sua pr\u00f3pria responsabilidade.<\/p>\n<p>A HERAKLES n\u00e3o pode ser responsabilizada pelo conte\u00fado, produtos ou servi\u00e7os oferecidos em qualquer site de terceiros.<\/p>\n<h2>Lei aplic\u00e1vel<\/h2>\n<p>Qualquer disputa relacionada ao uso do site <a href=\"https:\/\/www.herakles-transfers.com\/\">www.herakles-transfers.com<\/a> e qualquer disputa entre o usu\u00e1rio e a HERAKLES ser\u00e1 submetida \u00e0s autoridades legais competentes.<\/p>\n<h2>Declara\u00e7\u00e3o \u00e0 CNIL<\/h2>\n<p>Este site declarou a coleta e o processamento de seus dados pessoais \u00e0 autoridade francesa de prote\u00e7\u00e3o de dados pessoais (a Commission Nationale de l&#8217;Informatique et des Libert\u00e9s &#8211; CNIL). Declara\u00e7\u00e3o n\u00ba 1929229 v 0. De acordo com a lei francesa de prote\u00e7\u00e3o de dados n\u00ba 78-17 de 6 de janeiro de 1978, voc\u00ea tem o direito de acessar, retificar e se opor ao processamento de seus dados pessoais, que pode ser exercido entrando em contato com <a href=\"mailto:direction@herakles-transfers.com\">direction@herakles-transfers.com<\/a> ou escrevendo para HERAKLES WORLD WIDE LTD, E21, Palm Court (NHDC,Palma) 72440 QUATRE BORNES.<\/p>\n","protected":false},"excerpt":{"rendered":"<p>Informa\u00e7\u00f5es legais De acordo com o Artigo 6 da Lei n\u00ba 2004-575 de 21 de junho de 2004 sobre confian\u00e7a na economia digital, os usu\u00e1rios deste site s\u00e3o informados sobre a identidade das v\u00e1rias partes envolvidas em sua cria\u00e7\u00e3o e monitoramento: Identifica\u00e7\u00e3o e publica\u00e7\u00e3o O site www.herakles-transfers.com \u00e9 publicado por : Nome da empresa: HERAKLES [&hellip;]<\/p>\n","protected":false},"author":1,"featured_media":0,"parent":0,"menu_order":0,"comment_status":"closed","ping_status":"closed","template":"","meta":{"footnotes":""},"class_list":["post-440","page","type-page","status-publish","hentry"],"yoast_head":"<!-- This site is optimized with the Yoast SEO plugin v24.9 - https:\/\/yoast.com\/wordpress\/plugins\/seo\/ -->\n<title>Not\u00edcia legal - Herakles Transfers<\/title>\n<meta name=\"robots\" content=\"index, follow, max-snippet:-1, max-image-preview:large, max-video-preview:-1\" \/>\n<link rel=\"canonical\" href=\"https:\/\/frontend.herakles-transfers.com\/pt-br\/noticia-legal\/\" \/>\n<meta property=\"og:locale\" content=\"pt_BR\" \/>\n<meta property=\"og:type\" content=\"article\" \/>\n<meta property=\"og:title\" content=\"Not\u00edcia legal - Herakles Transfers\" \/>\n<meta property=\"og:description\" content=\"Informa\u00e7\u00f5es legais De acordo com o Artigo 6 da Lei n\u00ba 2004-575 de 21 de junho de 2004 sobre confian\u00e7a na economia digital, os usu\u00e1rios deste site s\u00e3o informados sobre a identidade das v\u00e1rias partes envolvidas em sua cria\u00e7\u00e3o e monitoramento: Identifica\u00e7\u00e3o e publica\u00e7\u00e3o O site www.herakles-transfers.com \u00e9 publicado por : Nome da empresa: HERAKLES [&hellip;]\" \/>\n<meta property=\"og:url\" content=\"https:\/\/frontend.herakles-transfers.com\/pt-br\/noticia-legal\/\" \/>\n<meta property=\"og:site_name\" content=\"Herakles Transfers\" \/>\n<meta property=\"article:modified_time\" content=\"2024-09-25T09:32:36+00:00\" \/>\n<meta name=\"twitter:card\" content=\"summary_large_image\" \/>\n<meta name=\"twitter:label1\" content=\"Est. tempo de leitura\" \/>\n\t<meta name=\"twitter:data1\" content=\"4 minutos\" \/>\n<script type=\"application\/ld+json\" class=\"yoast-schema-graph\">{\"@context\":\"https:\/\/schema.org\",\"@graph\":[{\"@type\":\"WebPage\",\"@id\":\"https:\/\/frontend.herakles-transfers.com\/pt-br\/noticia-legal\/\",\"url\":\"https:\/\/frontend.herakles-transfers.com\/pt-br\/noticia-legal\/\",\"name\":\"Not\u00edcia legal - Herakles Transfers\",\"isPartOf\":{\"@id\":\"https:\/\/frontend.herakles-transfers.com\/#website\"},\"datePublished\":\"2023-06-26T08:17:09+00:00\",\"dateModified\":\"2024-09-25T09:32:36+00:00\",\"breadcrumb\":{\"@id\":\"https:\/\/frontend.herakles-transfers.com\/pt-br\/noticia-legal\/#breadcrumb\"},\"inLanguage\":\"pt-BR\",\"potentialAction\":[{\"@type\":\"ReadAction\",\"target\":[\"https:\/\/frontend.herakles-transfers.com\/pt-br\/noticia-legal\/\"]}]},{\"@type\":\"BreadcrumbList\",\"@id\":\"https:\/\/frontend.herakles-transfers.com\/pt-br\/noticia-legal\/#breadcrumb\",\"itemListElement\":[{\"@type\":\"ListItem\",\"position\":1,\"name\":\"Accueil\",\"item\":\"https:\/\/frontend.herakles-transfers.com\/pt-br\/\"},{\"@type\":\"ListItem\",\"position\":2,\"name\":\"Not\u00edcia legal\"}]},{\"@type\":\"WebSite\",\"@id\":\"https:\/\/frontend.herakles-transfers.com\/#website\",\"url\":\"https:\/\/frontend.herakles-transfers.com\/\",\"name\":\"Herakles Transfers\",\"description\":\"\",\"publisher\":{\"@id\":\"https:\/\/frontend.herakles-transfers.com\/#organization\"},\"potentialAction\":[{\"@type\":\"SearchAction\",\"target\":{\"@type\":\"EntryPoint\",\"urlTemplate\":\"https:\/\/frontend.herakles-transfers.com\/?s={search_term_string}\"},\"query-input\":{\"@type\":\"PropertyValueSpecification\",\"valueRequired\":true,\"valueName\":\"search_term_string\"}}],\"inLanguage\":\"pt-BR\"},{\"@type\":\"Organization\",\"@id\":\"https:\/\/frontend.herakles-transfers.com\/#organization\",\"name\":\"Herakles Transfers\",\"url\":\"https:\/\/frontend.herakles-transfers.com\/\",\"logo\":{\"@type\":\"ImageObject\",\"inLanguage\":\"pt-BR\",\"@id\":\"https:\/\/frontend.herakles-transfers.com\/#\/schema\/logo\/image\/\",\"url\":\"https:\/\/frontend.herakles-transfers.com\/wp-content\/uploads\/2023\/10\/Logo-herakles.webp\",\"contentUrl\":\"https:\/\/frontend.herakles-transfers.com\/wp-content\/uploads\/2023\/10\/Logo-herakles.webp\",\"width\":450,\"height\":104,\"caption\":\"Herakles Transfers\"},\"image\":{\"@id\":\"https:\/\/frontend.herakles-transfers.com\/#\/schema\/logo\/image\/\"}}]}<\/script>\n<!-- \/ Yoast SEO plugin. -->","yoast_head_json":{"title":"Not\u00edcia legal - Herakles Transfers","robots":{"index":"index","follow":"follow","max-snippet":"max-snippet:-1","max-image-preview":"max-image-preview:large","max-video-preview":"max-video-preview:-1"},"canonical":"https:\/\/frontend.herakles-transfers.com\/pt-br\/noticia-legal\/","og_locale":"pt_BR","og_type":"article","og_title":"Not\u00edcia legal - Herakles Transfers","og_description":"Informa\u00e7\u00f5es legais De acordo com o Artigo 6 da Lei n\u00ba 2004-575 de 21 de junho de 2004 sobre confian\u00e7a na economia digital, os usu\u00e1rios deste site s\u00e3o informados sobre a identidade das v\u00e1rias partes envolvidas em sua cria\u00e7\u00e3o e monitoramento: Identifica\u00e7\u00e3o e publica\u00e7\u00e3o O site www.herakles-transfers.com \u00e9 publicado por : Nome da empresa: HERAKLES [&hellip;]","og_url":"https:\/\/frontend.herakles-transfers.com\/pt-br\/noticia-legal\/","og_site_name":"Herakles Transfers","article_modified_time":"2024-09-25T09:32:36+00:00","twitter_card":"summary_large_image","twitter_misc":{"Est. tempo de leitura":"4 minutos"},"schema":{"@context":"https:\/\/schema.org","@graph":[{"@type":"WebPage","@id":"https:\/\/frontend.herakles-transfers.com\/pt-br\/noticia-legal\/","url":"https:\/\/frontend.herakles-transfers.com\/pt-br\/noticia-legal\/","name":"Not\u00edcia legal - Herakles Transfers","isPartOf":{"@id":"https:\/\/frontend.herakles-transfers.com\/#website"},"datePublished":"2023-06-26T08:17:09+00:00","dateModified":"2024-09-25T09:32:36+00:00","breadcrumb":{"@id":"https:\/\/frontend.herakles-transfers.com\/pt-br\/noticia-legal\/#breadcrumb"},"inLanguage":"pt-BR","potentialAction":[{"@type":"ReadAction","target":["https:\/\/frontend.herakles-transfers.com\/pt-br\/noticia-legal\/"]}]},{"@type":"BreadcrumbList","@id":"https:\/\/frontend.herakles-transfers.com\/pt-br\/noticia-legal\/#breadcrumb","itemListElement":[{"@type":"ListItem","position":1,"name":"Accueil","item":"https:\/\/frontend.herakles-transfers.com\/pt-br\/"},{"@type":"ListItem","position":2,"name":"Not\u00edcia legal"}]},{"@type":"WebSite","@id":"https:\/\/frontend.herakles-transfers.com\/#website","url":"https:\/\/frontend.herakles-transfers.com\/","name":"Herakles Transfers","description":"","publisher":{"@id":"https:\/\/frontend.herakles-transfers.com\/#organization"},"potentialAction":[{"@type":"SearchAction","target":{"@type":"EntryPoint","urlTemplate":"https:\/\/frontend.herakles-transfers.com\/?s={search_term_string}"},"query-input":{"@type":"PropertyValueSpecification","valueRequired":true,"valueName":"search_term_string"}}],"inLanguage":"pt-BR"},{"@type":"Organization","@id":"https:\/\/frontend.herakles-transfers.com\/#organization","name":"Herakles Transfers","url":"https:\/\/frontend.herakles-transfers.com\/","logo":{"@type":"ImageObject","inLanguage":"pt-BR","@id":"https:\/\/frontend.herakles-transfers.com\/#\/schema\/logo\/image\/","url":"https:\/\/frontend.herakles-transfers.com\/wp-content\/uploads\/2023\/10\/Logo-herakles.webp","contentUrl":"https:\/\/frontend.herakles-transfers.com\/wp-content\/uploads\/2023\/10\/Logo-herakles.webp","width":450,"height":104,"caption":"Herakles Transfers"},"image":{"@id":"https:\/\/frontend.herakles-transfers.com\/#\/schema\/logo\/image\/"}}]}},"_links":{"self":[{"href":"https:\/\/frontend.herakles-transfers.com\/pt-br\/wp-json\/wp\/v2\/pages\/440","targetHints":{"allow":["GET"]}}],"collection":[{"href":"https:\/\/frontend.herakles-transfers.com\/pt-br\/wp-json\/wp\/v2\/pages"}],"about":[{"href":"https:\/\/frontend.herakles-transfers.com\/pt-br\/wp-json\/wp\/v2\/types\/page"}],"author":[{"embeddable":true,"href":"https:\/\/frontend.herakles-transfers.com\/pt-br\/wp-json\/wp\/v2\/users\/1"}],"replies":[{"embeddable":true,"href":"https:\/\/frontend.herakles-transfers.com\/pt-br\/wp-json\/wp\/v2\/comments?post=440"}],"version-history":[{"count":1,"href":"https:\/\/frontend.herakles-transfers.com\/pt-br\/wp-json\/wp\/v2\/pages\/440\/revisions"}],"predecessor-version":[{"id":631,"href":"https:\/\/frontend.herakles-transfers.com\/pt-br\/wp-json\/wp\/v2\/pages\/440\/revisions\/631"}],"wp:attachment":[{"href":"https:\/\/frontend.herakles-transfers.com\/pt-br\/wp-json\/wp\/v2\/media?parent=440"}],"curies":[{"name":"wp","href":"https:\/\/api.w.org\/{rel}","templated":true}]}}